{"id":9008,"date":"2025-08-19T14:16:24","date_gmt":"2025-08-19T14:16:24","guid":{"rendered":"https:\/\/jardindaime.com\/?post_type=product&#038;p=9008"},"modified":"2026-03-30T11:59:38","modified_gmt":"2026-03-30T11:59:38","slug":"salade-batavia-a-lunite","status":"publish","type":"product","link":"https:\/\/jardindaime.com\/index.php\/product\/salade-batavia-a-lunite\/","title":{"rendered":"SALADE BATAVIA  (\u00e0 l&rsquo;Unit\u00e9)"},"content":{"rendered":"<h4 data-start=\"100\" data-end=\"145\"><strong>\ud83e\udd6c Salade Batavia \u2013 Fra\u00eeche et croquante<\/strong><\/h4>\n<h4 data-start=\"147\" data-end=\"182\"><strong>\u2728 Caract\u00e9ristiques du produit<\/strong><\/h4>\n<p data-start=\"183\" data-end=\"430\"><em>La salade Batavia est tendre, croquante et l\u00e9g\u00e8rement sucr\u00e9e.<br \/>\n<\/em><\/p>\n<p data-start=\"183\" data-end=\"430\"><em>Ses feuilles vert clair et sa texture d\u00e9licate en font une salade tr\u00e8s agr\u00e9able \u00e0 consommer.<\/em><\/p>\n<p data-start=\"183\" data-end=\"430\"><em>Parfaite pour les assiettes fra\u00eeches, les sandwichs ou les accompagnements de vos plats.<\/em><\/p>\n<h4 data-start=\"432\" data-end=\"465\"><strong>\ud83e\uddca Conseils de conservation<\/strong><\/h4>\n<ul data-start=\"466\" data-end=\"705\">\n<li data-start=\"466\" data-end=\"541\">\n<p data-start=\"468\" data-end=\"541\"><em>Conserver au r\u00e9frig\u00e9rateur dans un sac perfor\u00e9 ou une bo\u00eete herm\u00e9tique.<\/em><\/p>\n<\/li>\n<li data-start=\"542\" data-end=\"634\">\n<p data-start=\"544\" data-end=\"634\"><em>\u00c0 consommer dans les 2 \u00e0 4 jours pour profiter de toute sa fra\u00eecheur et de son croquant.<\/em><\/p>\n<\/li>\n<li data-start=\"635\" data-end=\"705\">\n<p data-start=\"637\" data-end=\"705\"><em>Laver seulement avant consommation pour prolonger sa dur\u00e9e de vie.<\/em><\/p>\n<\/li>\n<\/ul>\n<h4 data-start=\"707\" data-end=\"739\"><strong>\ud83c\udf7d\ufe0f Conseils d\u2019utilisation<\/strong><\/h4>\n<ul data-start=\"740\" data-end=\"984\">\n<li data-start=\"740\" data-end=\"804\">\n<p data-start=\"742\" data-end=\"804\"><em>Id\u00e9ale en salade seule ou en m\u00e9lange avec d\u2019autres vari\u00e9t\u00e9s.<\/em><\/p>\n<\/li>\n<li data-start=\"805\" data-end=\"854\">\n<p data-start=\"807\" data-end=\"854\"><em>Parfaite pour garnir vos sandwiches ou wraps.<\/em><\/p>\n<\/li>\n<li data-start=\"855\" data-end=\"984\">\n<p data-start=\"857\" data-end=\"984\"><em>Astuce gourmande : ajoute un filet d\u2019huile d\u2019olive, un peu de vinaigre et des herbes fra\u00eeches pour sublimer son go\u00fbt naturel.<\/em><\/p>\n<\/li>\n<\/ul>\n","protected":false},"excerpt":{"rendered":"<p><strong>SALADE BATAVIA\u00a0 (\u00e0 l&rsquo;Unit\u00e9)<\/strong><\/p>\n<p><strong>SA PROVENANCE : <\/strong><em>D&rsquo;origine France \ud83c\uddeb\ud83c\uddf7 , Bellegarde.<\/em><\/p>\n<p><strong>CAT\u00c9GORIE : II<\/strong><\/p>\n<p>&nbsp;<\/p>\n","protected":false},"featured_media":8707,"comment_status":"open","ping_status":"closed","template":"","meta":[],"product_brand":[],"product_cat":[77,271],"product_tag":[161],"class_list":{"0":"post-9008","1":"product","2":"type-product","3":"status-publish","4":"has-post-thumbnail","6":"product_cat-legume","7":"product_cat-tous","8":"product_tag-salade-batavia","10":"first","11":"instock","12":"shipping-taxable","13":"purchasable","14":"product-type-simple"},"yoast_head":"<!-- This site is optimized with the Yoast SEO plugin v27.4 - https:\/\/yoast.com\/product\/yoast-seo-wordpress\/ -->\n<title>SALADE BATAVIA (\u00e0 l&#039;Unit\u00e9) - Jardin d&#039;Aim\u00e9e<\/title>\n<meta name=\"robots\" content=\"index, follow, max-snippet:-1, max-image-preview:large, max-video-preview:-1\" \/>\n<link rel=\"canonical\" href=\"https:\/\/jardindaime.com\/index.php\/product\/salade-batavia-a-lunite\/\" \/>\n<meta property=\"og:locale\" content=\"fr_FR\" \/>\n<meta property=\"og:type\" content=\"article\" \/>\n<meta property=\"og:title\" content=\"SALADE BATAVIA (\u00e0 l&#039;Unit\u00e9) - Jardin d&#039;Aim\u00e9e\" \/>\n<meta property=\"og:description\" content=\"SALADE BATAVIA\u00a0 (\u00e0 l&#039;Unit\u00e9)  SA PROVENANCE : D&#039;origine France \ud83c\uddeb\ud83c\uddf7 , Bellegarde.  CAT\u00c9GORIE : II  &nbsp;\" \/>\n<meta property=\"og:url\" content=\"https:\/\/jardindaime.com\/index.php\/product\/salade-batavia-a-lunite\/\" \/>\n<meta property=\"og:site_name\" content=\"Jardin d&#039;Aim\u00e9e\" \/>\n<meta property=\"article:modified_time\" content=\"2026-03-30T11:59:38+00:00\" \/>\n<meta property=\"og:image\" content=\"https:\/\/jardindaime.com\/wp-content\/uploads\/2021\/08\/Salade-Batavia.jpg\" \/>\n\t<meta property=\"og:image:width\" content=\"1080\" \/>\n\t<meta property=\"og:image:height\" content=\"1080\" \/>\n\t<meta property=\"og:image:type\" content=\"image\/jpeg\" \/>\n<meta name=\"twitter:card\" content=\"summary_large_image\" \/>\n<meta name=\"twitter:label1\" content=\"Dur\u00e9e de lecture estim\u00e9e\" \/>\n\t<meta name=\"twitter:data1\" content=\"1 minute\" \/>\n<script type=\"application\/ld+json\" class=\"yoast-schema-graph\">{\"@context\":\"https:\\\/\\\/schema.org\",\"@graph\":[{\"@type\":\"WebPage\",\"@id\":\"https:\\\/\\\/jardindaime.com\\\/index.php\\\/product\\\/salade-batavia-a-lunite\\\/\",\"url\":\"https:\\\/\\\/jardindaime.com\\\/index.php\\\/product\\\/salade-batavia-a-lunite\\\/\",\"name\":\"SALADE BATAVIA (\u00e0 l'Unit\u00e9) - Jardin d&#039;Aim\u00e9e\",\"isPartOf\":{\"@id\":\"https:\\\/\\\/jardindaime.com\\\/#website\"},\"primaryImageOfPage\":{\"@id\":\"https:\\\/\\\/jardindaime.com\\\/index.php\\\/product\\\/salade-batavia-a-lunite\\\/#primaryimage\"},\"image\":{\"@id\":\"https:\\\/\\\/jardindaime.com\\\/index.php\\\/product\\\/salade-batavia-a-lunite\\\/#primaryimage\"},\"thumbnailUrl\":\"https:\\\/\\\/jardindaime.com\\\/wp-content\\\/uploads\\\/2021\\\/08\\\/Salade-Batavia.jpg\",\"datePublished\":\"2025-08-19T14:16:24+00:00\",\"dateModified\":\"2026-03-30T11:59:38+00:00\",\"breadcrumb\":{\"@id\":\"https:\\\/\\\/jardindaime.com\\\/index.php\\\/product\\\/salade-batavia-a-lunite\\\/#breadcrumb\"},\"inLanguage\":\"fr-FR\",\"potentialAction\":[{\"@type\":\"ReadAction\",\"target\":[\"https:\\\/\\\/jardindaime.com\\\/index.php\\\/product\\\/salade-batavia-a-lunite\\\/\"]}]},{\"@type\":\"ImageObject\",\"inLanguage\":\"fr-FR\",\"@id\":\"https:\\\/\\\/jardindaime.com\\\/index.php\\\/product\\\/salade-batavia-a-lunite\\\/#primaryimage\",\"url\":\"https:\\\/\\\/jardindaime.com\\\/wp-content\\\/uploads\\\/2021\\\/08\\\/Salade-Batavia.jpg\",\"contentUrl\":\"https:\\\/\\\/jardindaime.com\\\/wp-content\\\/uploads\\\/2021\\\/08\\\/Salade-Batavia.jpg\",\"width\":1080,\"height\":1080,\"caption\":\"Salade Batavia\"},{\"@type\":\"BreadcrumbList\",\"@id\":\"https:\\\/\\\/jardindaime.com\\\/index.php\\\/product\\\/salade-batavia-a-lunite\\\/#breadcrumb\",\"itemListElement\":[{\"@type\":\"ListItem\",\"position\":1,\"name\":\"Home\",\"item\":\"https:\\\/\\\/jardindaime.com\\\/\"},{\"@type\":\"ListItem\",\"position\":2,\"name\":\"Produits\",\"item\":\"https:\\\/\\\/jardindaime.com\\\/index.php\\\/shop\\\/\"},{\"@type\":\"ListItem\",\"position\":3,\"name\":\"SALADE BATAVIA (\u00e0 l&rsquo;Unit\u00e9)\"}]},{\"@type\":\"WebSite\",\"@id\":\"https:\\\/\\\/jardindaime.com\\\/#website\",\"url\":\"https:\\\/\\\/jardindaime.com\\\/\",\"name\":\"Jardin d&#039;Aim\u00e9e\",\"description\":\"Vente de fruits et l\u00e9gumes \u00e0 domicile\",\"potentialAction\":[{\"@type\":\"SearchAction\",\"target\":{\"@type\":\"EntryPoint\",\"urlTemplate\":\"https:\\\/\\\/jardindaime.com\\\/?s={search_term_string}\"},\"query-input\":{\"@type\":\"PropertyValueSpecification\",\"valueRequired\":true,\"valueName\":\"search_term_string\"}}],\"inLanguage\":\"fr-FR\"}]}<\/script>\n<!-- \/ Yoast SEO plugin. -->","yoast_head_json":{"title":"SALADE BATAVIA (\u00e0 l'Unit\u00e9) - Jardin d&#039;Aim\u00e9e","robots":{"index":"index","follow":"follow","max-snippet":"max-snippet:-1","max-image-preview":"max-image-preview:large","max-video-preview":"max-video-preview:-1"},"canonical":"https:\/\/jardindaime.com\/index.php\/product\/salade-batavia-a-lunite\/","og_locale":"fr_FR","og_type":"article","og_title":"SALADE BATAVIA (\u00e0 l'Unit\u00e9) - Jardin d&#039;Aim\u00e9e","og_description":"SALADE BATAVIA\u00a0 (\u00e0 l'Unit\u00e9)  SA PROVENANCE : D'origine France \ud83c\uddeb\ud83c\uddf7 , Bellegarde.  CAT\u00c9GORIE : II  &nbsp;","og_url":"https:\/\/jardindaime.com\/index.php\/product\/salade-batavia-a-lunite\/","og_site_name":"Jardin d&#039;Aim\u00e9e","article_modified_time":"2026-03-30T11:59:38+00:00","og_image":[{"width":1080,"height":1080,"url":"https:\/\/jardindaime.com\/wp-content\/uploads\/2021\/08\/Salade-Batavia.jpg","type":"image\/jpeg"}],"twitter_card":"summary_large_image","twitter_misc":{"Dur\u00e9e de lecture estim\u00e9e":"1 minute"},"schema":{"@context":"https:\/\/schema.org","@graph":[{"@type":"WebPage","@id":"https:\/\/jardindaime.com\/index.php\/product\/salade-batavia-a-lunite\/","url":"https:\/\/jardindaime.com\/index.php\/product\/salade-batavia-a-lunite\/","name":"SALADE BATAVIA (\u00e0 l'Unit\u00e9) - Jardin d&#039;Aim\u00e9e","isPartOf":{"@id":"https:\/\/jardindaime.com\/#website"},"primaryImageOfPage":{"@id":"https:\/\/jardindaime.com\/index.php\/product\/salade-batavia-a-lunite\/#primaryimage"},"image":{"@id":"https:\/\/jardindaime.com\/index.php\/product\/salade-batavia-a-lunite\/#primaryimage"},"thumbnailUrl":"https:\/\/jardindaime.com\/wp-content\/uploads\/2021\/08\/Salade-Batavia.jpg","datePublished":"2025-08-19T14:16:24+00:00","dateModified":"2026-03-30T11:59:38+00:00","breadcrumb":{"@id":"https:\/\/jardindaime.com\/index.php\/product\/salade-batavia-a-lunite\/#breadcrumb"},"inLanguage":"fr-FR","potentialAction":[{"@type":"ReadAction","target":["https:\/\/jardindaime.com\/index.php\/product\/salade-batavia-a-lunite\/"]}]},{"@type":"ImageObject","inLanguage":"fr-FR","@id":"https:\/\/jardindaime.com\/index.php\/product\/salade-batavia-a-lunite\/#primaryimage","url":"https:\/\/jardindaime.com\/wp-content\/uploads\/2021\/08\/Salade-Batavia.jpg","contentUrl":"https:\/\/jardindaime.com\/wp-content\/uploads\/2021\/08\/Salade-Batavia.jpg","width":1080,"height":1080,"caption":"Salade Batavia"},{"@type":"BreadcrumbList","@id":"https:\/\/jardindaime.com\/index.php\/product\/salade-batavia-a-lunite\/#breadcrumb","itemListElement":[{"@type":"ListItem","position":1,"name":"Home","item":"https:\/\/jardindaime.com\/"},{"@type":"ListItem","position":2,"name":"Produits","item":"https:\/\/jardindaime.com\/index.php\/shop\/"},{"@type":"ListItem","position":3,"name":"SALADE BATAVIA (\u00e0 l&rsquo;Unit\u00e9)"}]},{"@type":"WebSite","@id":"https:\/\/jardindaime.com\/#website","url":"https:\/\/jardindaime.com\/","name":"Jardin d&#039;Aim\u00e9e","description":"Vente de fruits et l\u00e9gumes \u00e0 domicile","potentialAction":[{"@type":"SearchAction","target":{"@type":"EntryPoint","urlTemplate":"https:\/\/jardindaime.com\/?s={search_term_string}"},"query-input":{"@type":"PropertyValueSpecification","valueRequired":true,"valueName":"search_term_string"}}],"inLanguage":"fr-FR"}]}},"_links":{"self":[{"href":"https:\/\/jardindaime.com\/index.php\/wp-json\/wp\/v2\/product\/9008","targetHints":{"allow":["GET"]}}],"collection":[{"href":"https:\/\/jardindaime.com\/index.php\/wp-json\/wp\/v2\/product"}],"about":[{"href":"https:\/\/jardindaime.com\/index.php\/wp-json\/wp\/v2\/types\/product"}],"replies":[{"embeddable":true,"href":"https:\/\/jardindaime.com\/index.php\/wp-json\/wp\/v2\/comments?post=9008"}],"wp:featuredmedia":[{"embeddable":true,"href":"https:\/\/jardindaime.com\/index.php\/wp-json\/wp\/v2\/media\/8707"}],"wp:attachment":[{"href":"https:\/\/jardindaime.com\/index.php\/wp-json\/wp\/v2\/media?parent=9008"}],"wp:term":[{"taxonomy":"product_brand","embeddable":true,"href":"https:\/\/jardindaime.com\/index.php\/wp-json\/wp\/v2\/product_brand?post=9008"},{"taxonomy":"product_cat","embeddable":true,"href":"https:\/\/jardindaime.com\/index.php\/wp-json\/wp\/v2\/product_cat?post=9008"},{"taxonomy":"product_tag","embeddable":true,"href":"https:\/\/jardindaime.com\/index.php\/wp-json\/wp\/v2\/product_tag?post=9008"}],"curies":[{"name":"wp","href":"https:\/\/api.w.org\/{rel}","templated":true}]}}