{"id":9098,"date":"2025-09-15T10:49:30","date_gmt":"2025-09-15T10:49:30","guid":{"rendered":"https:\/\/jardindaime.com\/?post_type=product&#038;p=9098"},"modified":"2026-01-12T08:49:15","modified_gmt":"2026-01-12T08:49:15","slug":"radis-noir-a-lunite","status":"publish","type":"product","link":"https:\/\/jardindaime.com\/index.php\/product\/radis-noir-a-lunite\/","title":{"rendered":"RADIS NOIR"},"content":{"rendered":"<h4>\ud83c\udf31 Radis noir \u2013 Croquant et piquant<br \/>\n\u2728 Caract\u00e9ristiques du produit<\/h4>\n<p><em>Le radis noir se distingue par sa peau fonc\u00e9e et sa chair blanche, croquante et l\u00e9g\u00e8rement piquante.<br \/>\n<\/em><\/p>\n<p><em>Il est id\u00e9al pour apporter une note relev\u00e9e \u00e0 vos plats, crudit\u00e9s ou recettes cuisin\u00e9es.<\/em><\/p>\n<h4>\ud83e\uddca Conseils de conservation<\/h4>\n<p><em>\u2022 Conserver au r\u00e9frig\u00e9rateur, de pr\u00e9f\u00e9rence dans un sac perfor\u00e9 ou dans le bac \u00e0 l\u00e9gumes.<\/em><br \/>\n<em>\u2022 \u00c0 consommer dans les 5 \u00e0 7 jours pour profiter de toute sa fra\u00eecheur.<\/em><br \/>\n<em>\u2022 Laver seulement avant consommation pour pr\u00e9server sa peau.<\/em><\/p>\n<h4>\ud83c\udf7d\ufe0f Conseils d\u2019utilisation<\/h4>\n<p><em>\u2022 \u00c0 d\u00e9guster cru, en rondelles ou r\u00e2p\u00e9, dans les salades ou avec un filet d\u2019huile et de citron.<\/em><br \/>\n<em>\u2022 Excellent en soupe, gratin ou saut\u00e9 pour relever vos plats.<\/em><br \/>\n<em>\u2022 Astuce gourmande : mariner les tranches fines dans du vinaigre pour un condiment piquant et savoureux.<\/em><\/p>\n","protected":false},"excerpt":{"rendered":"<p><strong>RADIS NOIR\u00a0<\/strong><\/p>\n<p><strong>SA PROVENANCE :\u00a0<\/strong><em>D&rsquo;origine France \ud83c\uddeb\ud83c\uddf7 , Bellegarde.<\/em><\/p>\n<p><strong>CAT\u00c9GORIE : II<\/strong><\/p>\n","protected":false},"featured_media":9101,"comment_status":"open","ping_status":"closed","template":"","meta":[],"product_brand":[],"product_cat":[77,271],"product_tag":[225],"class_list":{"0":"post-9098","1":"product","2":"type-product","3":"status-publish","4":"has-post-thumbnail","6":"product_cat-legume","7":"product_cat-tous","8":"product_tag-radis-noir","10":"first","11":"instock","12":"shipping-taxable","13":"purchasable","14":"product-type-variable"},"yoast_head":"<!-- This site is optimized with the Yoast SEO plugin v27.4 - https:\/\/yoast.com\/product\/yoast-seo-wordpress\/ -->\n<title>RADIS NOIR - Jardin d&#039;Aim\u00e9e<\/title>\n<meta name=\"robots\" content=\"index, follow, max-snippet:-1, max-image-preview:large, max-video-preview:-1\" \/>\n<link rel=\"canonical\" href=\"https:\/\/jardindaime.com\/index.php\/product\/radis-noir-a-lunite\/\" \/>\n<meta property=\"og:locale\" content=\"fr_FR\" \/>\n<meta property=\"og:type\" content=\"article\" \/>\n<meta property=\"og:title\" content=\"RADIS NOIR - Jardin d&#039;Aim\u00e9e\" \/>\n<meta property=\"og:description\" content=\"RADIS NOIR\u00a0  SA PROVENANCE :\u00a0D&#039;origine France \ud83c\uddeb\ud83c\uddf7 , Bellegarde.  CAT\u00c9GORIE : II\" \/>\n<meta property=\"og:url\" content=\"https:\/\/jardindaime.com\/index.php\/product\/radis-noir-a-lunite\/\" \/>\n<meta property=\"og:site_name\" content=\"Jardin d&#039;Aim\u00e9e\" \/>\n<meta property=\"article:modified_time\" content=\"2026-01-12T08:49:15+00:00\" \/>\n<meta property=\"og:image\" content=\"https:\/\/jardindaime.com\/wp-content\/uploads\/2025\/09\/34829-0w470h470_Radis_Noir_France_Bio.jpg\" \/>\n\t<meta property=\"og:image:width\" content=\"470\" \/>\n\t<meta property=\"og:image:height\" content=\"470\" \/>\n\t<meta property=\"og:image:type\" content=\"image\/jpeg\" \/>\n<meta name=\"twitter:card\" content=\"summary_large_image\" \/>\n<meta name=\"twitter:label1\" content=\"Dur\u00e9e de lecture estim\u00e9e\" \/>\n\t<meta name=\"twitter:data1\" content=\"1 minute\" \/>\n<script type=\"application\/ld+json\" class=\"yoast-schema-graph\">{\"@context\":\"https:\\\/\\\/schema.org\",\"@graph\":[{\"@type\":\"WebPage\",\"@id\":\"https:\\\/\\\/jardindaime.com\\\/index.php\\\/product\\\/radis-noir-a-lunite\\\/\",\"url\":\"https:\\\/\\\/jardindaime.com\\\/index.php\\\/product\\\/radis-noir-a-lunite\\\/\",\"name\":\"RADIS NOIR - Jardin d&#039;Aim\u00e9e\",\"isPartOf\":{\"@id\":\"https:\\\/\\\/jardindaime.com\\\/#website\"},\"primaryImageOfPage\":{\"@id\":\"https:\\\/\\\/jardindaime.com\\\/index.php\\\/product\\\/radis-noir-a-lunite\\\/#primaryimage\"},\"image\":{\"@id\":\"https:\\\/\\\/jardindaime.com\\\/index.php\\\/product\\\/radis-noir-a-lunite\\\/#primaryimage\"},\"thumbnailUrl\":\"https:\\\/\\\/jardindaime.com\\\/wp-content\\\/uploads\\\/2025\\\/09\\\/34829-0w470h470_Radis_Noir_France_Bio.jpg\",\"datePublished\":\"2025-09-15T10:49:30+00:00\",\"dateModified\":\"2026-01-12T08:49:15+00:00\",\"breadcrumb\":{\"@id\":\"https:\\\/\\\/jardindaime.com\\\/index.php\\\/product\\\/radis-noir-a-lunite\\\/#breadcrumb\"},\"inLanguage\":\"fr-FR\",\"potentialAction\":[{\"@type\":\"ReadAction\",\"target\":[\"https:\\\/\\\/jardindaime.com\\\/index.php\\\/product\\\/radis-noir-a-lunite\\\/\"]}]},{\"@type\":\"ImageObject\",\"inLanguage\":\"fr-FR\",\"@id\":\"https:\\\/\\\/jardindaime.com\\\/index.php\\\/product\\\/radis-noir-a-lunite\\\/#primaryimage\",\"url\":\"https:\\\/\\\/jardindaime.com\\\/wp-content\\\/uploads\\\/2025\\\/09\\\/34829-0w470h470_Radis_Noir_France_Bio.jpg\",\"contentUrl\":\"https:\\\/\\\/jardindaime.com\\\/wp-content\\\/uploads\\\/2025\\\/09\\\/34829-0w470h470_Radis_Noir_France_Bio.jpg\",\"width\":470,\"height\":470},{\"@type\":\"BreadcrumbList\",\"@id\":\"https:\\\/\\\/jardindaime.com\\\/index.php\\\/product\\\/radis-noir-a-lunite\\\/#breadcrumb\",\"itemListElement\":[{\"@type\":\"ListItem\",\"position\":1,\"name\":\"Home\",\"item\":\"https:\\\/\\\/jardindaime.com\\\/\"},{\"@type\":\"ListItem\",\"position\":2,\"name\":\"Produits\",\"item\":\"https:\\\/\\\/jardindaime.com\\\/index.php\\\/shop\\\/\"},{\"@type\":\"ListItem\",\"position\":3,\"name\":\"RADIS NOIR\"}]},{\"@type\":\"WebSite\",\"@id\":\"https:\\\/\\\/jardindaime.com\\\/#website\",\"url\":\"https:\\\/\\\/jardindaime.com\\\/\",\"name\":\"Jardin d&#039;Aim\u00e9e\",\"description\":\"Vente de fruits et l\u00e9gumes \u00e0 domicile\",\"potentialAction\":[{\"@type\":\"SearchAction\",\"target\":{\"@type\":\"EntryPoint\",\"urlTemplate\":\"https:\\\/\\\/jardindaime.com\\\/?s={search_term_string}\"},\"query-input\":{\"@type\":\"PropertyValueSpecification\",\"valueRequired\":true,\"valueName\":\"search_term_string\"}}],\"inLanguage\":\"fr-FR\"}]}<\/script>\n<!-- \/ Yoast SEO plugin. -->","yoast_head_json":{"title":"RADIS NOIR - Jardin d&#039;Aim\u00e9e","robots":{"index":"index","follow":"follow","max-snippet":"max-snippet:-1","max-image-preview":"max-image-preview:large","max-video-preview":"max-video-preview:-1"},"canonical":"https:\/\/jardindaime.com\/index.php\/product\/radis-noir-a-lunite\/","og_locale":"fr_FR","og_type":"article","og_title":"RADIS NOIR - Jardin d&#039;Aim\u00e9e","og_description":"RADIS NOIR\u00a0  SA PROVENANCE :\u00a0D'origine France \ud83c\uddeb\ud83c\uddf7 , Bellegarde.  CAT\u00c9GORIE : II","og_url":"https:\/\/jardindaime.com\/index.php\/product\/radis-noir-a-lunite\/","og_site_name":"Jardin d&#039;Aim\u00e9e","article_modified_time":"2026-01-12T08:49:15+00:00","og_image":[{"width":470,"height":470,"url":"https:\/\/jardindaime.com\/wp-content\/uploads\/2025\/09\/34829-0w470h470_Radis_Noir_France_Bio.jpg","type":"image\/jpeg"}],"twitter_card":"summary_large_image","twitter_misc":{"Dur\u00e9e de lecture estim\u00e9e":"1 minute"},"schema":{"@context":"https:\/\/schema.org","@graph":[{"@type":"WebPage","@id":"https:\/\/jardindaime.com\/index.php\/product\/radis-noir-a-lunite\/","url":"https:\/\/jardindaime.com\/index.php\/product\/radis-noir-a-lunite\/","name":"RADIS NOIR - Jardin d&#039;Aim\u00e9e","isPartOf":{"@id":"https:\/\/jardindaime.com\/#website"},"primaryImageOfPage":{"@id":"https:\/\/jardindaime.com\/index.php\/product\/radis-noir-a-lunite\/#primaryimage"},"image":{"@id":"https:\/\/jardindaime.com\/index.php\/product\/radis-noir-a-lunite\/#primaryimage"},"thumbnailUrl":"https:\/\/jardindaime.com\/wp-content\/uploads\/2025\/09\/34829-0w470h470_Radis_Noir_France_Bio.jpg","datePublished":"2025-09-15T10:49:30+00:00","dateModified":"2026-01-12T08:49:15+00:00","breadcrumb":{"@id":"https:\/\/jardindaime.com\/index.php\/product\/radis-noir-a-lunite\/#breadcrumb"},"inLanguage":"fr-FR","potentialAction":[{"@type":"ReadAction","target":["https:\/\/jardindaime.com\/index.php\/product\/radis-noir-a-lunite\/"]}]},{"@type":"ImageObject","inLanguage":"fr-FR","@id":"https:\/\/jardindaime.com\/index.php\/product\/radis-noir-a-lunite\/#primaryimage","url":"https:\/\/jardindaime.com\/wp-content\/uploads\/2025\/09\/34829-0w470h470_Radis_Noir_France_Bio.jpg","contentUrl":"https:\/\/jardindaime.com\/wp-content\/uploads\/2025\/09\/34829-0w470h470_Radis_Noir_France_Bio.jpg","width":470,"height":470},{"@type":"BreadcrumbList","@id":"https:\/\/jardindaime.com\/index.php\/product\/radis-noir-a-lunite\/#breadcrumb","itemListElement":[{"@type":"ListItem","position":1,"name":"Home","item":"https:\/\/jardindaime.com\/"},{"@type":"ListItem","position":2,"name":"Produits","item":"https:\/\/jardindaime.com\/index.php\/shop\/"},{"@type":"ListItem","position":3,"name":"RADIS NOIR"}]},{"@type":"WebSite","@id":"https:\/\/jardindaime.com\/#website","url":"https:\/\/jardindaime.com\/","name":"Jardin d&#039;Aim\u00e9e","description":"Vente de fruits et l\u00e9gumes \u00e0 domicile","potentialAction":[{"@type":"SearchAction","target":{"@type":"EntryPoint","urlTemplate":"https:\/\/jardindaime.com\/?s={search_term_string}"},"query-input":{"@type":"PropertyValueSpecification","valueRequired":true,"valueName":"search_term_string"}}],"inLanguage":"fr-FR"}]}},"_links":{"self":[{"href":"https:\/\/jardindaime.com\/index.php\/wp-json\/wp\/v2\/product\/9098","targetHints":{"allow":["GET"]}}],"collection":[{"href":"https:\/\/jardindaime.com\/index.php\/wp-json\/wp\/v2\/product"}],"about":[{"href":"https:\/\/jardindaime.com\/index.php\/wp-json\/wp\/v2\/types\/product"}],"replies":[{"embeddable":true,"href":"https:\/\/jardindaime.com\/index.php\/wp-json\/wp\/v2\/comments?post=9098"}],"wp:featuredmedia":[{"embeddable":true,"href":"https:\/\/jardindaime.com\/index.php\/wp-json\/wp\/v2\/media\/9101"}],"wp:attachment":[{"href":"https:\/\/jardindaime.com\/index.php\/wp-json\/wp\/v2\/media?parent=9098"}],"wp:term":[{"taxonomy":"product_brand","embeddable":true,"href":"https:\/\/jardindaime.com\/index.php\/wp-json\/wp\/v2\/product_brand?post=9098"},{"taxonomy":"product_cat","embeddable":true,"href":"https:\/\/jardindaime.com\/index.php\/wp-json\/wp\/v2\/product_cat?post=9098"},{"taxonomy":"product_tag","embeddable":true,"href":"https:\/\/jardindaime.com\/index.php\/wp-json\/wp\/v2\/product_tag?post=9098"}],"curies":[{"name":"wp","href":"https:\/\/api.w.org\/{rel}","templated":true}]}}