{"id":9250,"date":"2025-11-20T15:19:00","date_gmt":"2025-11-20T15:19:00","guid":{"rendered":"https:\/\/jardindaime.com\/?post_type=product&#038;p=9250"},"modified":"2025-11-20T15:24:09","modified_gmt":"2025-11-20T15:24:09","slug":"abricot-moelleux","status":"publish","type":"product","link":"https:\/\/jardindaime.com\/index.php\/product\/abricot-moelleux\/","title":{"rendered":"ABRICOT MOELLEUX"},"content":{"rendered":"<h4>\ud83c\udf51 Abricots secs moelleux \u2013 Doux et savoureux<\/h4>\n<h4>\u2728 Caract\u00e9ristiques du produit<\/h4>\n<p><em>Les abricots secs moelleux sont des fruits naturellement sucr\u00e9s, tendres et juteux. <\/em><\/p>\n<p><em>Leur texture fondante et leur saveur douce en font un encas gourmand et sain, riche en fibres et en vitamines.<\/em><\/p>\n<h4>\ud83e\uddca Conseils de conservation<\/h4>\n<p><em>\u2022 Conserver dans un endroit frais et sec, \u00e0 l\u2019abri de la lumi\u00e8re.<\/em><\/p>\n<p><em>\u2022 Apr\u00e8s ouverture, les placer dans une bo\u00eete herm\u00e9tique pour pr\u00e9server leur moelleux.<\/em><\/p>\n<h4>\ud83c\udf7d\ufe0f Conseils d\u2019utilisation<\/h4>\n<p><em>\u2022 \u00c0 d\u00e9guster tels quels, pour un snack rapide et nutritif.<\/em><\/p>\n<p><em>\u2022 Parfaits pour agr\u00e9menter les c\u00e9r\u00e9ales, salades, desserts ou p\u00e2tisseries.<\/em><\/p>\n<p><em>\u2022 Astuce gourmande : r\u00e9hydratez-les l\u00e9g\u00e8rement dans de l\u2019eau ou du jus pour les incorporer dans des plats cuisin\u00e9s ou des desserts.<\/em><\/p>\n","protected":false},"excerpt":{"rendered":"<p><strong>ABRICOT MOELLEUX\u00a0<\/strong><\/p>\n<p><strong>SA PROVENANCE :\u00a0<\/strong><em>D&rsquo;origine Turque \ud83c\uddf9\ud83c\uddf7<\/em><\/p>\n<p><strong>CAT\u00c9GORIE : I<\/strong><\/p>\n<p><em>(2,40\u20ac les 100g soit 24\u20ac le kg)<\/em><\/p>\n","protected":false},"featured_media":9252,"comment_status":"open","ping_status":"closed","template":"","meta":[],"product_brand":[],"product_cat":[182,271],"product_tag":[185],"class_list":{"0":"post-9250","1":"product","2":"type-product","3":"status-publish","4":"has-post-thumbnail","6":"product_cat-fruits-secs","7":"product_cat-tous","8":"product_tag-abricot-moelleux","10":"first","11":"instock","12":"shipping-taxable","13":"purchasable","14":"product-type-variable"},"yoast_head":"<!-- This site is optimized with the Yoast SEO plugin v27.4 - https:\/\/yoast.com\/product\/yoast-seo-wordpress\/ -->\n<title>ABRICOT MOELLEUX - Jardin d&#039;Aim\u00e9e<\/title>\n<meta name=\"robots\" content=\"index, follow, max-snippet:-1, max-image-preview:large, max-video-preview:-1\" \/>\n<link rel=\"canonical\" href=\"https:\/\/jardindaime.com\/index.php\/product\/abricot-moelleux\/\" \/>\n<meta property=\"og:locale\" content=\"fr_FR\" \/>\n<meta property=\"og:type\" content=\"article\" \/>\n<meta property=\"og:title\" content=\"ABRICOT MOELLEUX - Jardin d&#039;Aim\u00e9e\" \/>\n<meta property=\"og:description\" content=\"ABRICOT MOELLEUX\u00a0  SA PROVENANCE :\u00a0D&#039;origine Turque \ud83c\uddf9\ud83c\uddf7  CAT\u00c9GORIE : I  (2,40\u20ac les 100g soit 24\u20ac le kg)\" \/>\n<meta property=\"og:url\" content=\"https:\/\/jardindaime.com\/index.php\/product\/abricot-moelleux\/\" \/>\n<meta property=\"og:site_name\" content=\"Jardin d&#039;Aim\u00e9e\" \/>\n<meta property=\"article:modified_time\" content=\"2025-11-20T15:24:09+00:00\" \/>\n<meta property=\"og:image\" content=\"https:\/\/jardindaime.com\/wp-content\/uploads\/2025\/11\/abricot-sec.jpg\" \/>\n\t<meta property=\"og:image:width\" content=\"458\" \/>\n\t<meta property=\"og:image:height\" content=\"458\" \/>\n\t<meta property=\"og:image:type\" content=\"image\/jpeg\" \/>\n<meta name=\"twitter:card\" content=\"summary_large_image\" \/>\n<meta name=\"twitter:label1\" content=\"Dur\u00e9e de lecture estim\u00e9e\" \/>\n\t<meta name=\"twitter:data1\" content=\"1 minute\" \/>\n<script type=\"application\/ld+json\" class=\"yoast-schema-graph\">{\"@context\":\"https:\\\/\\\/schema.org\",\"@graph\":[{\"@type\":\"WebPage\",\"@id\":\"https:\\\/\\\/jardindaime.com\\\/index.php\\\/product\\\/abricot-moelleux\\\/\",\"url\":\"https:\\\/\\\/jardindaime.com\\\/index.php\\\/product\\\/abricot-moelleux\\\/\",\"name\":\"ABRICOT MOELLEUX - Jardin d&#039;Aim\u00e9e\",\"isPartOf\":{\"@id\":\"https:\\\/\\\/jardindaime.com\\\/#website\"},\"primaryImageOfPage\":{\"@id\":\"https:\\\/\\\/jardindaime.com\\\/index.php\\\/product\\\/abricot-moelleux\\\/#primaryimage\"},\"image\":{\"@id\":\"https:\\\/\\\/jardindaime.com\\\/index.php\\\/product\\\/abricot-moelleux\\\/#primaryimage\"},\"thumbnailUrl\":\"https:\\\/\\\/jardindaime.com\\\/wp-content\\\/uploads\\\/2025\\\/11\\\/abricot-sec.jpg\",\"datePublished\":\"2025-11-20T15:19:00+00:00\",\"dateModified\":\"2025-11-20T15:24:09+00:00\",\"breadcrumb\":{\"@id\":\"https:\\\/\\\/jardindaime.com\\\/index.php\\\/product\\\/abricot-moelleux\\\/#breadcrumb\"},\"inLanguage\":\"fr-FR\",\"potentialAction\":[{\"@type\":\"ReadAction\",\"target\":[\"https:\\\/\\\/jardindaime.com\\\/index.php\\\/product\\\/abricot-moelleux\\\/\"]}]},{\"@type\":\"ImageObject\",\"inLanguage\":\"fr-FR\",\"@id\":\"https:\\\/\\\/jardindaime.com\\\/index.php\\\/product\\\/abricot-moelleux\\\/#primaryimage\",\"url\":\"https:\\\/\\\/jardindaime.com\\\/wp-content\\\/uploads\\\/2025\\\/11\\\/abricot-sec.jpg\",\"contentUrl\":\"https:\\\/\\\/jardindaime.com\\\/wp-content\\\/uploads\\\/2025\\\/11\\\/abricot-sec.jpg\",\"width\":458,\"height\":458},{\"@type\":\"BreadcrumbList\",\"@id\":\"https:\\\/\\\/jardindaime.com\\\/index.php\\\/product\\\/abricot-moelleux\\\/#breadcrumb\",\"itemListElement\":[{\"@type\":\"ListItem\",\"position\":1,\"name\":\"Home\",\"item\":\"https:\\\/\\\/jardindaime.com\\\/\"},{\"@type\":\"ListItem\",\"position\":2,\"name\":\"Produits\",\"item\":\"https:\\\/\\\/jardindaime.com\\\/index.php\\\/shop\\\/\"},{\"@type\":\"ListItem\",\"position\":3,\"name\":\"ABRICOT MOELLEUX\"}]},{\"@type\":\"WebSite\",\"@id\":\"https:\\\/\\\/jardindaime.com\\\/#website\",\"url\":\"https:\\\/\\\/jardindaime.com\\\/\",\"name\":\"Jardin d&#039;Aim\u00e9e\",\"description\":\"Vente de fruits et l\u00e9gumes \u00e0 domicile\",\"potentialAction\":[{\"@type\":\"SearchAction\",\"target\":{\"@type\":\"EntryPoint\",\"urlTemplate\":\"https:\\\/\\\/jardindaime.com\\\/?s={search_term_string}\"},\"query-input\":{\"@type\":\"PropertyValueSpecification\",\"valueRequired\":true,\"valueName\":\"search_term_string\"}}],\"inLanguage\":\"fr-FR\"}]}<\/script>\n<!-- \/ Yoast SEO plugin. -->","yoast_head_json":{"title":"ABRICOT MOELLEUX - Jardin d&#039;Aim\u00e9e","robots":{"index":"index","follow":"follow","max-snippet":"max-snippet:-1","max-image-preview":"max-image-preview:large","max-video-preview":"max-video-preview:-1"},"canonical":"https:\/\/jardindaime.com\/index.php\/product\/abricot-moelleux\/","og_locale":"fr_FR","og_type":"article","og_title":"ABRICOT MOELLEUX - Jardin d&#039;Aim\u00e9e","og_description":"ABRICOT MOELLEUX\u00a0  SA PROVENANCE :\u00a0D'origine Turque \ud83c\uddf9\ud83c\uddf7  CAT\u00c9GORIE : I  (2,40\u20ac les 100g soit 24\u20ac le kg)","og_url":"https:\/\/jardindaime.com\/index.php\/product\/abricot-moelleux\/","og_site_name":"Jardin d&#039;Aim\u00e9e","article_modified_time":"2025-11-20T15:24:09+00:00","og_image":[{"width":458,"height":458,"url":"https:\/\/jardindaime.com\/wp-content\/uploads\/2025\/11\/abricot-sec.jpg","type":"image\/jpeg"}],"twitter_card":"summary_large_image","twitter_misc":{"Dur\u00e9e de lecture estim\u00e9e":"1 minute"},"schema":{"@context":"https:\/\/schema.org","@graph":[{"@type":"WebPage","@id":"https:\/\/jardindaime.com\/index.php\/product\/abricot-moelleux\/","url":"https:\/\/jardindaime.com\/index.php\/product\/abricot-moelleux\/","name":"ABRICOT MOELLEUX - Jardin d&#039;Aim\u00e9e","isPartOf":{"@id":"https:\/\/jardindaime.com\/#website"},"primaryImageOfPage":{"@id":"https:\/\/jardindaime.com\/index.php\/product\/abricot-moelleux\/#primaryimage"},"image":{"@id":"https:\/\/jardindaime.com\/index.php\/product\/abricot-moelleux\/#primaryimage"},"thumbnailUrl":"https:\/\/jardindaime.com\/wp-content\/uploads\/2025\/11\/abricot-sec.jpg","datePublished":"2025-11-20T15:19:00+00:00","dateModified":"2025-11-20T15:24:09+00:00","breadcrumb":{"@id":"https:\/\/jardindaime.com\/index.php\/product\/abricot-moelleux\/#breadcrumb"},"inLanguage":"fr-FR","potentialAction":[{"@type":"ReadAction","target":["https:\/\/jardindaime.com\/index.php\/product\/abricot-moelleux\/"]}]},{"@type":"ImageObject","inLanguage":"fr-FR","@id":"https:\/\/jardindaime.com\/index.php\/product\/abricot-moelleux\/#primaryimage","url":"https:\/\/jardindaime.com\/wp-content\/uploads\/2025\/11\/abricot-sec.jpg","contentUrl":"https:\/\/jardindaime.com\/wp-content\/uploads\/2025\/11\/abricot-sec.jpg","width":458,"height":458},{"@type":"BreadcrumbList","@id":"https:\/\/jardindaime.com\/index.php\/product\/abricot-moelleux\/#breadcrumb","itemListElement":[{"@type":"ListItem","position":1,"name":"Home","item":"https:\/\/jardindaime.com\/"},{"@type":"ListItem","position":2,"name":"Produits","item":"https:\/\/jardindaime.com\/index.php\/shop\/"},{"@type":"ListItem","position":3,"name":"ABRICOT MOELLEUX"}]},{"@type":"WebSite","@id":"https:\/\/jardindaime.com\/#website","url":"https:\/\/jardindaime.com\/","name":"Jardin d&#039;Aim\u00e9e","description":"Vente de fruits et l\u00e9gumes \u00e0 domicile","potentialAction":[{"@type":"SearchAction","target":{"@type":"EntryPoint","urlTemplate":"https:\/\/jardindaime.com\/?s={search_term_string}"},"query-input":{"@type":"PropertyValueSpecification","valueRequired":true,"valueName":"search_term_string"}}],"inLanguage":"fr-FR"}]}},"_links":{"self":[{"href":"https:\/\/jardindaime.com\/index.php\/wp-json\/wp\/v2\/product\/9250","targetHints":{"allow":["GET"]}}],"collection":[{"href":"https:\/\/jardindaime.com\/index.php\/wp-json\/wp\/v2\/product"}],"about":[{"href":"https:\/\/jardindaime.com\/index.php\/wp-json\/wp\/v2\/types\/product"}],"replies":[{"embeddable":true,"href":"https:\/\/jardindaime.com\/index.php\/wp-json\/wp\/v2\/comments?post=9250"}],"wp:featuredmedia":[{"embeddable":true,"href":"https:\/\/jardindaime.com\/index.php\/wp-json\/wp\/v2\/media\/9252"}],"wp:attachment":[{"href":"https:\/\/jardindaime.com\/index.php\/wp-json\/wp\/v2\/media?parent=9250"}],"wp:term":[{"taxonomy":"product_brand","embeddable":true,"href":"https:\/\/jardindaime.com\/index.php\/wp-json\/wp\/v2\/product_brand?post=9250"},{"taxonomy":"product_cat","embeddable":true,"href":"https:\/\/jardindaime.com\/index.php\/wp-json\/wp\/v2\/product_cat?post=9250"},{"taxonomy":"product_tag","embeddable":true,"href":"https:\/\/jardindaime.com\/index.php\/wp-json\/wp\/v2\/product_tag?post=9250"}],"curies":[{"name":"wp","href":"https:\/\/api.w.org\/{rel}","templated":true}]}}