{"id":9278,"date":"2025-12-04T17:17:37","date_gmt":"2025-12-04T17:17:37","guid":{"rendered":"https:\/\/jardindaime.com\/?post_type=product&#038;p=9278"},"modified":"2025-12-04T17:21:06","modified_gmt":"2025-12-04T17:21:06","slug":"pomme-story-bio","status":"publish","type":"product","link":"https:\/\/jardindaime.com\/index.php\/product\/pomme-story-bio\/","title":{"rendered":"POMME STORY BIO"},"content":{"rendered":"<h4 data-start=\"53\" data-end=\"74\">\ud83c\udf4e Pomme Story Bio<\/h4>\n<h4 data-start=\"76\" data-end=\"111\">\u2728 Caract\u00e9ristiques du produit<\/h4>\n<p data-start=\"112\" data-end=\"435\"><em>La pomme Story bio est une vari\u00e9t\u00e9 moderne, croquante et naturellement sucr\u00e9e.<\/em><\/p>\n<p data-start=\"112\" data-end=\"435\"><em> Sa chair ferme et juteuse d\u00e9voile un go\u00fbt \u00e9quilibr\u00e9, \u00e0 la fois doux et l\u00e9g\u00e8rement acidul\u00e9. <\/em><\/p>\n<p data-start=\"112\" data-end=\"435\"><em>Sa belle peau rouge brillante renferme une grande richesse en fibres, vitamines et antioxydants, ce qui en fait une pomme id\u00e9ale \u00e0 d\u00e9guster au quotidien.<\/em><\/p>\n<h4 data-start=\"437\" data-end=\"470\">\ud83e\uddca Conseils de conservation<\/h4>\n<ul data-start=\"471\" data-end=\"687\">\n<li data-start=\"471\" data-end=\"540\">\n<p data-start=\"473\" data-end=\"540\"><em>\u00c0 conserver dans un endroit frais, sec et \u00e0 l\u2019abri de la lumi\u00e8re.<\/em><\/p>\n<\/li>\n<li data-start=\"541\" data-end=\"602\">\n<p data-start=\"543\" data-end=\"602\"><em>Se gardent tr\u00e8s bien au r\u00e9frig\u00e9rateur plusieurs semaines.<\/em><\/p>\n<\/li>\n<li data-start=\"603\" data-end=\"687\">\n<p data-start=\"605\" data-end=\"687\"><em>\u00c9viter de les stocker pr\u00e8s de fruits tr\u00e8s m\u00fbrs qui acc\u00e9l\u00e8rent leur vieillissement.<\/em><\/p>\n<\/li>\n<\/ul>\n<h4 data-start=\"689\" data-end=\"721\">\ud83c\udf7d\ufe0f Conseils d\u2019utilisation<\/h4>\n<ul data-start=\"722\" data-end=\"920\">\n<li data-start=\"722\" data-end=\"777\">\n<p data-start=\"724\" data-end=\"777\"><em>Parfaites \u00e0 croquer gr\u00e2ce \u00e0 leur croquant agr\u00e9able.<\/em><\/p>\n<\/li>\n<li data-start=\"778\" data-end=\"846\">\n<p data-start=\"780\" data-end=\"846\"><em>Id\u00e9ales pour compotes, tartes, salades de fruits et p\u00e2tisseries.<\/em><\/p>\n<\/li>\n<li data-start=\"847\" data-end=\"920\">\n<p data-start=\"849\" data-end=\"920\"><em>Tr\u00e8s bonnes aussi en cuisson l\u00e9g\u00e8re pour accompagner des plats sal\u00e9s.<\/em><\/p>\n<\/li>\n<\/ul>\n","protected":false},"excerpt":{"rendered":"<p><strong>POMME STORY BIO\u00a0<\/strong><\/p>\n<p><strong>SA PROVENANCE :\u00a0<\/strong><em>D\u2019origine France \ud83c\uddeb\ud83c\uddf7 Saint-Gilles\u00a0<\/em><\/p>\n<p><strong>CAT\u00c9GORIE : I<\/strong><\/p>\n","protected":false},"featured_media":9279,"comment_status":"open","ping_status":"closed","template":"","meta":[],"product_brand":[],"product_cat":[86,271],"product_tag":[218],"class_list":{"0":"post-9278","1":"product","2":"type-product","3":"status-publish","4":"has-post-thumbnail","6":"product_cat-fruits","7":"product_cat-tous","8":"product_tag-pomme-story-bio","10":"first","11":"instock","12":"shipping-taxable","13":"purchasable","14":"product-type-variable"},"yoast_head":"<!-- This site is optimized with the Yoast SEO plugin v27.4 - https:\/\/yoast.com\/product\/yoast-seo-wordpress\/ -->\n<title>POMME STORY BIO - Jardin d&#039;Aim\u00e9e<\/title>\n<meta name=\"robots\" content=\"index, follow, max-snippet:-1, max-image-preview:large, max-video-preview:-1\" \/>\n<link rel=\"canonical\" href=\"https:\/\/jardindaime.com\/index.php\/product\/pomme-story-bio\/\" \/>\n<meta property=\"og:locale\" content=\"fr_FR\" \/>\n<meta property=\"og:type\" content=\"article\" \/>\n<meta property=\"og:title\" content=\"POMME STORY BIO - Jardin d&#039;Aim\u00e9e\" \/>\n<meta property=\"og:description\" content=\"POMME STORY BIO\u00a0  SA PROVENANCE :\u00a0D\u2019origine France \ud83c\uddeb\ud83c\uddf7 Saint-Gilles\u00a0  CAT\u00c9GORIE : I\" \/>\n<meta property=\"og:url\" content=\"https:\/\/jardindaime.com\/index.php\/product\/pomme-story-bio\/\" \/>\n<meta property=\"og:site_name\" content=\"Jardin d&#039;Aim\u00e9e\" \/>\n<meta property=\"article:modified_time\" content=\"2025-12-04T17:21:06+00:00\" \/>\n<meta property=\"og:image\" content=\"https:\/\/jardindaime.com\/wp-content\/uploads\/2025\/12\/Pommes-Bio-story-inored-calibre-95-115gr-Origine-France.jpeg\" \/>\n\t<meta property=\"og:image:width\" content=\"959\" \/>\n\t<meta property=\"og:image:height\" content=\"959\" \/>\n\t<meta property=\"og:image:type\" content=\"image\/jpeg\" \/>\n<meta name=\"twitter:card\" content=\"summary_large_image\" \/>\n<meta name=\"twitter:label1\" content=\"Dur\u00e9e de lecture estim\u00e9e\" \/>\n\t<meta name=\"twitter:data1\" content=\"1 minute\" \/>\n<script type=\"application\/ld+json\" class=\"yoast-schema-graph\">{\"@context\":\"https:\\\/\\\/schema.org\",\"@graph\":[{\"@type\":\"WebPage\",\"@id\":\"https:\\\/\\\/jardindaime.com\\\/index.php\\\/product\\\/pomme-story-bio\\\/\",\"url\":\"https:\\\/\\\/jardindaime.com\\\/index.php\\\/product\\\/pomme-story-bio\\\/\",\"name\":\"POMME STORY BIO - Jardin d&#039;Aim\u00e9e\",\"isPartOf\":{\"@id\":\"https:\\\/\\\/jardindaime.com\\\/#website\"},\"primaryImageOfPage\":{\"@id\":\"https:\\\/\\\/jardindaime.com\\\/index.php\\\/product\\\/pomme-story-bio\\\/#primaryimage\"},\"image\":{\"@id\":\"https:\\\/\\\/jardindaime.com\\\/index.php\\\/product\\\/pomme-story-bio\\\/#primaryimage\"},\"thumbnailUrl\":\"https:\\\/\\\/jardindaime.com\\\/wp-content\\\/uploads\\\/2025\\\/12\\\/Pommes-Bio-story-inored-calibre-95-115gr-Origine-France.jpeg\",\"datePublished\":\"2025-12-04T17:17:37+00:00\",\"dateModified\":\"2025-12-04T17:21:06+00:00\",\"breadcrumb\":{\"@id\":\"https:\\\/\\\/jardindaime.com\\\/index.php\\\/product\\\/pomme-story-bio\\\/#breadcrumb\"},\"inLanguage\":\"fr-FR\",\"potentialAction\":[{\"@type\":\"ReadAction\",\"target\":[\"https:\\\/\\\/jardindaime.com\\\/index.php\\\/product\\\/pomme-story-bio\\\/\"]}]},{\"@type\":\"ImageObject\",\"inLanguage\":\"fr-FR\",\"@id\":\"https:\\\/\\\/jardindaime.com\\\/index.php\\\/product\\\/pomme-story-bio\\\/#primaryimage\",\"url\":\"https:\\\/\\\/jardindaime.com\\\/wp-content\\\/uploads\\\/2025\\\/12\\\/Pommes-Bio-story-inored-calibre-95-115gr-Origine-France.jpeg\",\"contentUrl\":\"https:\\\/\\\/jardindaime.com\\\/wp-content\\\/uploads\\\/2025\\\/12\\\/Pommes-Bio-story-inored-calibre-95-115gr-Origine-France.jpeg\",\"width\":959,\"height\":959},{\"@type\":\"BreadcrumbList\",\"@id\":\"https:\\\/\\\/jardindaime.com\\\/index.php\\\/product\\\/pomme-story-bio\\\/#breadcrumb\",\"itemListElement\":[{\"@type\":\"ListItem\",\"position\":1,\"name\":\"Home\",\"item\":\"https:\\\/\\\/jardindaime.com\\\/\"},{\"@type\":\"ListItem\",\"position\":2,\"name\":\"Produits\",\"item\":\"https:\\\/\\\/jardindaime.com\\\/index.php\\\/shop\\\/\"},{\"@type\":\"ListItem\",\"position\":3,\"name\":\"POMME STORY BIO\"}]},{\"@type\":\"WebSite\",\"@id\":\"https:\\\/\\\/jardindaime.com\\\/#website\",\"url\":\"https:\\\/\\\/jardindaime.com\\\/\",\"name\":\"Jardin d&#039;Aim\u00e9e\",\"description\":\"Vente de fruits et l\u00e9gumes \u00e0 domicile\",\"potentialAction\":[{\"@type\":\"SearchAction\",\"target\":{\"@type\":\"EntryPoint\",\"urlTemplate\":\"https:\\\/\\\/jardindaime.com\\\/?s={search_term_string}\"},\"query-input\":{\"@type\":\"PropertyValueSpecification\",\"valueRequired\":true,\"valueName\":\"search_term_string\"}}],\"inLanguage\":\"fr-FR\"}]}<\/script>\n<!-- \/ Yoast SEO plugin. -->","yoast_head_json":{"title":"POMME STORY BIO - Jardin d&#039;Aim\u00e9e","robots":{"index":"index","follow":"follow","max-snippet":"max-snippet:-1","max-image-preview":"max-image-preview:large","max-video-preview":"max-video-preview:-1"},"canonical":"https:\/\/jardindaime.com\/index.php\/product\/pomme-story-bio\/","og_locale":"fr_FR","og_type":"article","og_title":"POMME STORY BIO - Jardin d&#039;Aim\u00e9e","og_description":"POMME STORY BIO\u00a0  SA PROVENANCE :\u00a0D\u2019origine France \ud83c\uddeb\ud83c\uddf7 Saint-Gilles\u00a0  CAT\u00c9GORIE : I","og_url":"https:\/\/jardindaime.com\/index.php\/product\/pomme-story-bio\/","og_site_name":"Jardin d&#039;Aim\u00e9e","article_modified_time":"2025-12-04T17:21:06+00:00","og_image":[{"width":959,"height":959,"url":"https:\/\/jardindaime.com\/wp-content\/uploads\/2025\/12\/Pommes-Bio-story-inored-calibre-95-115gr-Origine-France.jpeg","type":"image\/jpeg"}],"twitter_card":"summary_large_image","twitter_misc":{"Dur\u00e9e de lecture estim\u00e9e":"1 minute"},"schema":{"@context":"https:\/\/schema.org","@graph":[{"@type":"WebPage","@id":"https:\/\/jardindaime.com\/index.php\/product\/pomme-story-bio\/","url":"https:\/\/jardindaime.com\/index.php\/product\/pomme-story-bio\/","name":"POMME STORY BIO - Jardin d&#039;Aim\u00e9e","isPartOf":{"@id":"https:\/\/jardindaime.com\/#website"},"primaryImageOfPage":{"@id":"https:\/\/jardindaime.com\/index.php\/product\/pomme-story-bio\/#primaryimage"},"image":{"@id":"https:\/\/jardindaime.com\/index.php\/product\/pomme-story-bio\/#primaryimage"},"thumbnailUrl":"https:\/\/jardindaime.com\/wp-content\/uploads\/2025\/12\/Pommes-Bio-story-inored-calibre-95-115gr-Origine-France.jpeg","datePublished":"2025-12-04T17:17:37+00:00","dateModified":"2025-12-04T17:21:06+00:00","breadcrumb":{"@id":"https:\/\/jardindaime.com\/index.php\/product\/pomme-story-bio\/#breadcrumb"},"inLanguage":"fr-FR","potentialAction":[{"@type":"ReadAction","target":["https:\/\/jardindaime.com\/index.php\/product\/pomme-story-bio\/"]}]},{"@type":"ImageObject","inLanguage":"fr-FR","@id":"https:\/\/jardindaime.com\/index.php\/product\/pomme-story-bio\/#primaryimage","url":"https:\/\/jardindaime.com\/wp-content\/uploads\/2025\/12\/Pommes-Bio-story-inored-calibre-95-115gr-Origine-France.jpeg","contentUrl":"https:\/\/jardindaime.com\/wp-content\/uploads\/2025\/12\/Pommes-Bio-story-inored-calibre-95-115gr-Origine-France.jpeg","width":959,"height":959},{"@type":"BreadcrumbList","@id":"https:\/\/jardindaime.com\/index.php\/product\/pomme-story-bio\/#breadcrumb","itemListElement":[{"@type":"ListItem","position":1,"name":"Home","item":"https:\/\/jardindaime.com\/"},{"@type":"ListItem","position":2,"name":"Produits","item":"https:\/\/jardindaime.com\/index.php\/shop\/"},{"@type":"ListItem","position":3,"name":"POMME STORY BIO"}]},{"@type":"WebSite","@id":"https:\/\/jardindaime.com\/#website","url":"https:\/\/jardindaime.com\/","name":"Jardin d&#039;Aim\u00e9e","description":"Vente de fruits et l\u00e9gumes \u00e0 domicile","potentialAction":[{"@type":"SearchAction","target":{"@type":"EntryPoint","urlTemplate":"https:\/\/jardindaime.com\/?s={search_term_string}"},"query-input":{"@type":"PropertyValueSpecification","valueRequired":true,"valueName":"search_term_string"}}],"inLanguage":"fr-FR"}]}},"_links":{"self":[{"href":"https:\/\/jardindaime.com\/index.php\/wp-json\/wp\/v2\/product\/9278","targetHints":{"allow":["GET"]}}],"collection":[{"href":"https:\/\/jardindaime.com\/index.php\/wp-json\/wp\/v2\/product"}],"about":[{"href":"https:\/\/jardindaime.com\/index.php\/wp-json\/wp\/v2\/types\/product"}],"replies":[{"embeddable":true,"href":"https:\/\/jardindaime.com\/index.php\/wp-json\/wp\/v2\/comments?post=9278"}],"wp:featuredmedia":[{"embeddable":true,"href":"https:\/\/jardindaime.com\/index.php\/wp-json\/wp\/v2\/media\/9279"}],"wp:attachment":[{"href":"https:\/\/jardindaime.com\/index.php\/wp-json\/wp\/v2\/media?parent=9278"}],"wp:term":[{"taxonomy":"product_brand","embeddable":true,"href":"https:\/\/jardindaime.com\/index.php\/wp-json\/wp\/v2\/product_brand?post=9278"},{"taxonomy":"product_cat","embeddable":true,"href":"https:\/\/jardindaime.com\/index.php\/wp-json\/wp\/v2\/product_cat?post=9278"},{"taxonomy":"product_tag","embeddable":true,"href":"https:\/\/jardindaime.com\/index.php\/wp-json\/wp\/v2\/product_tag?post=9278"}],"curies":[{"name":"wp","href":"https:\/\/api.w.org\/{rel}","templated":true}]}}