{"id":9349,"date":"2026-01-12T08:58:40","date_gmt":"2026-01-12T08:58:40","guid":{"rendered":"https:\/\/jardindaime.com\/?post_type=product&#038;p=9349"},"modified":"2026-02-27T18:23:42","modified_gmt":"2026-02-27T18:23:42","slug":"9349","status":"publish","type":"product","link":"https:\/\/jardindaime.com\/index.php\/product\/9349\/","title":{"rendered":"\u00c9CHALOTES"},"content":{"rendered":"<h4>\ud83e\uddc5 \u00c9chalotes<\/h4>\n<h4>\u2728 Caract\u00e9ristiques du produit<\/h4>\n<p><em>L\u2019\u00e9chalote est un condiment incontournable en cuisine, appr\u00e9ci\u00e9e pour son go\u00fbt fin, doux et l\u00e9g\u00e8rement sucr\u00e9.<br \/>\n<\/em><\/p>\n<p><em>Plus subtile que l\u2019oignon, elle parfume d\u00e9licatement les plats sans masquer les autres saveurs. <\/em><\/p>\n<p><em>Riche en ar\u00f4mes, elle s\u2019utilise aussi bien crue que cuite.<\/em><\/p>\n<h4>\ud83e\uddca Conseils de conservation<\/h4>\n<ul>\n<li><em>\u00c0 conserver dans un endroit frais, sec et \u00e0 l\u2019abri de la lumi\u00e8re.<\/em><\/li>\n<li><em>Se garde plusieurs semaines sans perdre sa qualit\u00e9.<\/em><\/li>\n<li><em>\u00c9viter l\u2019humidit\u00e9 pour pr\u00e9venir la germination.<\/em><\/li>\n<\/ul>\n<h4>\ud83c\udf7d\ufe0f Conseils d\u2019utilisation<\/h4>\n<ul>\n<li><em>Id\u00e9ale crue, finement cisel\u00e9e dans les salades et vinaigrettes.<\/em><\/li>\n<li><em>Parfaite pour relever sauces, viandes, poissons et l\u00e9gumes.<\/em><\/li>\n<li><em>D\u00e9licieuse confite ou fondue pour accompagner de nombreux plats.<\/em><\/li>\n<\/ul>\n","protected":false},"excerpt":{"rendered":"<p><strong>\u00c9CHALOTE\u00a0<\/strong><\/p>\n<p><strong>SA PROVENANCE :\u00a0<\/strong><em>D\u2019origine France \ud83c\uddeb\ud83c\uddf7, Bellegarde.<br \/>\n<\/em><\/p>\n<p><strong>CAT\u00c9GORIE : II<\/strong><\/p>\n","protected":false},"featured_media":9350,"comment_status":"open","ping_status":"closed","template":"","meta":[],"product_brand":[],"product_cat":[77,271],"product_tag":[131],"class_list":{"0":"post-9349","1":"product","2":"type-product","3":"status-publish","4":"has-post-thumbnail","6":"product_cat-legume","7":"product_cat-tous","8":"product_tag-echalote","10":"first","11":"instock","12":"shipping-taxable","13":"purchasable","14":"product-type-variable"},"yoast_head":"<!-- This site is optimized with the Yoast SEO plugin v27.4 - https:\/\/yoast.com\/product\/yoast-seo-wordpress\/ -->\n<title>\u00c9CHALOTES - Jardin d&#039;Aim\u00e9e<\/title>\n<meta name=\"robots\" content=\"index, follow, max-snippet:-1, max-image-preview:large, max-video-preview:-1\" \/>\n<link rel=\"canonical\" href=\"https:\/\/jardindaime.com\/index.php\/product\/9349\/\" \/>\n<meta property=\"og:locale\" content=\"fr_FR\" \/>\n<meta property=\"og:type\" content=\"article\" \/>\n<meta property=\"og:title\" content=\"\u00c9CHALOTES - Jardin d&#039;Aim\u00e9e\" \/>\n<meta property=\"og:description\" content=\"\u00c9CHALOTE\u00a0  SA PROVENANCE :\u00a0D\u2019origine France \ud83c\uddeb\ud83c\uddf7, Bellegarde.   CAT\u00c9GORIE : II\" \/>\n<meta property=\"og:url\" content=\"https:\/\/jardindaime.com\/index.php\/product\/9349\/\" \/>\n<meta property=\"og:site_name\" content=\"Jardin d&#039;Aim\u00e9e\" \/>\n<meta property=\"article:modified_time\" content=\"2026-02-27T18:23:42+00:00\" \/>\n<meta property=\"og:image\" content=\"https:\/\/jardindaime.com\/wp-content\/uploads\/2026\/01\/11918429-echalotes-fraiches-isole-sur-un-fond-blanc.jpg\" \/>\n\t<meta property=\"og:image:width\" content=\"450\" \/>\n\t<meta property=\"og:image:height\" content=\"333\" \/>\n\t<meta property=\"og:image:type\" content=\"image\/jpeg\" \/>\n<meta name=\"twitter:card\" content=\"summary_large_image\" \/>\n<meta name=\"twitter:label1\" content=\"Dur\u00e9e de lecture estim\u00e9e\" \/>\n\t<meta name=\"twitter:data1\" content=\"1 minute\" \/>\n<script type=\"application\/ld+json\" class=\"yoast-schema-graph\">{\"@context\":\"https:\\\/\\\/schema.org\",\"@graph\":[{\"@type\":\"WebPage\",\"@id\":\"https:\\\/\\\/jardindaime.com\\\/index.php\\\/product\\\/9349\\\/\",\"url\":\"https:\\\/\\\/jardindaime.com\\\/index.php\\\/product\\\/9349\\\/\",\"name\":\"\u00c9CHALOTES - Jardin d&#039;Aim\u00e9e\",\"isPartOf\":{\"@id\":\"https:\\\/\\\/jardindaime.com\\\/#website\"},\"primaryImageOfPage\":{\"@id\":\"https:\\\/\\\/jardindaime.com\\\/index.php\\\/product\\\/9349\\\/#primaryimage\"},\"image\":{\"@id\":\"https:\\\/\\\/jardindaime.com\\\/index.php\\\/product\\\/9349\\\/#primaryimage\"},\"thumbnailUrl\":\"https:\\\/\\\/jardindaime.com\\\/wp-content\\\/uploads\\\/2026\\\/01\\\/11918429-echalotes-fraiches-isole-sur-un-fond-blanc.jpg\",\"datePublished\":\"2026-01-12T08:58:40+00:00\",\"dateModified\":\"2026-02-27T18:23:42+00:00\",\"breadcrumb\":{\"@id\":\"https:\\\/\\\/jardindaime.com\\\/index.php\\\/product\\\/9349\\\/#breadcrumb\"},\"inLanguage\":\"fr-FR\",\"potentialAction\":[{\"@type\":\"ReadAction\",\"target\":[\"https:\\\/\\\/jardindaime.com\\\/index.php\\\/product\\\/9349\\\/\"]}]},{\"@type\":\"ImageObject\",\"inLanguage\":\"fr-FR\",\"@id\":\"https:\\\/\\\/jardindaime.com\\\/index.php\\\/product\\\/9349\\\/#primaryimage\",\"url\":\"https:\\\/\\\/jardindaime.com\\\/wp-content\\\/uploads\\\/2026\\\/01\\\/11918429-echalotes-fraiches-isole-sur-un-fond-blanc.jpg\",\"contentUrl\":\"https:\\\/\\\/jardindaime.com\\\/wp-content\\\/uploads\\\/2026\\\/01\\\/11918429-echalotes-fraiches-isole-sur-un-fond-blanc.jpg\",\"width\":450,\"height\":333},{\"@type\":\"BreadcrumbList\",\"@id\":\"https:\\\/\\\/jardindaime.com\\\/index.php\\\/product\\\/9349\\\/#breadcrumb\",\"itemListElement\":[{\"@type\":\"ListItem\",\"position\":1,\"name\":\"Home\",\"item\":\"https:\\\/\\\/jardindaime.com\\\/\"},{\"@type\":\"ListItem\",\"position\":2,\"name\":\"Produits\",\"item\":\"https:\\\/\\\/jardindaime.com\\\/index.php\\\/shop\\\/\"},{\"@type\":\"ListItem\",\"position\":3,\"name\":\"\u00c9CHALOTES\"}]},{\"@type\":\"WebSite\",\"@id\":\"https:\\\/\\\/jardindaime.com\\\/#website\",\"url\":\"https:\\\/\\\/jardindaime.com\\\/\",\"name\":\"Jardin d&#039;Aim\u00e9e\",\"description\":\"Vente de fruits et l\u00e9gumes \u00e0 domicile\",\"potentialAction\":[{\"@type\":\"SearchAction\",\"target\":{\"@type\":\"EntryPoint\",\"urlTemplate\":\"https:\\\/\\\/jardindaime.com\\\/?s={search_term_string}\"},\"query-input\":{\"@type\":\"PropertyValueSpecification\",\"valueRequired\":true,\"valueName\":\"search_term_string\"}}],\"inLanguage\":\"fr-FR\"}]}<\/script>\n<!-- \/ Yoast SEO plugin. -->","yoast_head_json":{"title":"\u00c9CHALOTES - Jardin d&#039;Aim\u00e9e","robots":{"index":"index","follow":"follow","max-snippet":"max-snippet:-1","max-image-preview":"max-image-preview:large","max-video-preview":"max-video-preview:-1"},"canonical":"https:\/\/jardindaime.com\/index.php\/product\/9349\/","og_locale":"fr_FR","og_type":"article","og_title":"\u00c9CHALOTES - Jardin d&#039;Aim\u00e9e","og_description":"\u00c9CHALOTE\u00a0  SA PROVENANCE :\u00a0D\u2019origine France \ud83c\uddeb\ud83c\uddf7, Bellegarde.   CAT\u00c9GORIE : II","og_url":"https:\/\/jardindaime.com\/index.php\/product\/9349\/","og_site_name":"Jardin d&#039;Aim\u00e9e","article_modified_time":"2026-02-27T18:23:42+00:00","og_image":[{"width":450,"height":333,"url":"https:\/\/jardindaime.com\/wp-content\/uploads\/2026\/01\/11918429-echalotes-fraiches-isole-sur-un-fond-blanc.jpg","type":"image\/jpeg"}],"twitter_card":"summary_large_image","twitter_misc":{"Dur\u00e9e de lecture estim\u00e9e":"1 minute"},"schema":{"@context":"https:\/\/schema.org","@graph":[{"@type":"WebPage","@id":"https:\/\/jardindaime.com\/index.php\/product\/9349\/","url":"https:\/\/jardindaime.com\/index.php\/product\/9349\/","name":"\u00c9CHALOTES - Jardin d&#039;Aim\u00e9e","isPartOf":{"@id":"https:\/\/jardindaime.com\/#website"},"primaryImageOfPage":{"@id":"https:\/\/jardindaime.com\/index.php\/product\/9349\/#primaryimage"},"image":{"@id":"https:\/\/jardindaime.com\/index.php\/product\/9349\/#primaryimage"},"thumbnailUrl":"https:\/\/jardindaime.com\/wp-content\/uploads\/2026\/01\/11918429-echalotes-fraiches-isole-sur-un-fond-blanc.jpg","datePublished":"2026-01-12T08:58:40+00:00","dateModified":"2026-02-27T18:23:42+00:00","breadcrumb":{"@id":"https:\/\/jardindaime.com\/index.php\/product\/9349\/#breadcrumb"},"inLanguage":"fr-FR","potentialAction":[{"@type":"ReadAction","target":["https:\/\/jardindaime.com\/index.php\/product\/9349\/"]}]},{"@type":"ImageObject","inLanguage":"fr-FR","@id":"https:\/\/jardindaime.com\/index.php\/product\/9349\/#primaryimage","url":"https:\/\/jardindaime.com\/wp-content\/uploads\/2026\/01\/11918429-echalotes-fraiches-isole-sur-un-fond-blanc.jpg","contentUrl":"https:\/\/jardindaime.com\/wp-content\/uploads\/2026\/01\/11918429-echalotes-fraiches-isole-sur-un-fond-blanc.jpg","width":450,"height":333},{"@type":"BreadcrumbList","@id":"https:\/\/jardindaime.com\/index.php\/product\/9349\/#breadcrumb","itemListElement":[{"@type":"ListItem","position":1,"name":"Home","item":"https:\/\/jardindaime.com\/"},{"@type":"ListItem","position":2,"name":"Produits","item":"https:\/\/jardindaime.com\/index.php\/shop\/"},{"@type":"ListItem","position":3,"name":"\u00c9CHALOTES"}]},{"@type":"WebSite","@id":"https:\/\/jardindaime.com\/#website","url":"https:\/\/jardindaime.com\/","name":"Jardin d&#039;Aim\u00e9e","description":"Vente de fruits et l\u00e9gumes \u00e0 domicile","potentialAction":[{"@type":"SearchAction","target":{"@type":"EntryPoint","urlTemplate":"https:\/\/jardindaime.com\/?s={search_term_string}"},"query-input":{"@type":"PropertyValueSpecification","valueRequired":true,"valueName":"search_term_string"}}],"inLanguage":"fr-FR"}]}},"_links":{"self":[{"href":"https:\/\/jardindaime.com\/index.php\/wp-json\/wp\/v2\/product\/9349","targetHints":{"allow":["GET"]}}],"collection":[{"href":"https:\/\/jardindaime.com\/index.php\/wp-json\/wp\/v2\/product"}],"about":[{"href":"https:\/\/jardindaime.com\/index.php\/wp-json\/wp\/v2\/types\/product"}],"replies":[{"embeddable":true,"href":"https:\/\/jardindaime.com\/index.php\/wp-json\/wp\/v2\/comments?post=9349"}],"wp:featuredmedia":[{"embeddable":true,"href":"https:\/\/jardindaime.com\/index.php\/wp-json\/wp\/v2\/media\/9350"}],"wp:attachment":[{"href":"https:\/\/jardindaime.com\/index.php\/wp-json\/wp\/v2\/media?parent=9349"}],"wp:term":[{"taxonomy":"product_brand","embeddable":true,"href":"https:\/\/jardindaime.com\/index.php\/wp-json\/wp\/v2\/product_brand?post=9349"},{"taxonomy":"product_cat","embeddable":true,"href":"https:\/\/jardindaime.com\/index.php\/wp-json\/wp\/v2\/product_cat?post=9349"},{"taxonomy":"product_tag","embeddable":true,"href":"https:\/\/jardindaime.com\/index.php\/wp-json\/wp\/v2\/product_tag?post=9349"}],"curies":[{"name":"wp","href":"https:\/\/api.w.org\/{rel}","templated":true}]}}