{"id":9419,"date":"2026-03-17T12:05:41","date_gmt":"2026-03-17T12:05:41","guid":{"rendered":"https:\/\/jardindaime.com\/?post_type=product&#038;p=9419"},"modified":"2026-04-23T16:39:08","modified_gmt":"2026-04-23T16:39:08","slug":"botte-dasperges-moyenne-a-lunite","status":"publish","type":"product","link":"https:\/\/jardindaime.com\/index.php\/product\/botte-dasperges-moyenne-a-lunite\/","title":{"rendered":"BOTTE D&rsquo;ASPERGES MOYENNE (\u00e0 l&rsquo;Unit\u00e9)"},"content":{"rendered":"<h4 style=\"text-align: left;\" data-section-id=\"153afci\" data-start=\"93\" data-end=\"134\">\ud83d\udc9c Asperges Violettes \u2013 Jardin d\u2019Aim\u00e9e<\/h4>\n<h4 data-section-id=\"fz8h12\" data-start=\"136\" data-end=\"171\">\u2728 Caract\u00e9ristiques du produit<\/h4>\n<p data-start=\"172\" data-end=\"509\"><em>Issues de notre production au Jardin d\u2019Aim\u00e9e, les asperges violettes se distinguent par leur belle couleur et leur saveur douce, l\u00e9g\u00e8rement sucr\u00e9e. <\/em><\/p>\n<p data-start=\"172\" data-end=\"509\"><em>Plus tendres que les asperges vertes, elles offrent une texture fondante et un go\u00fbt d\u00e9licat, tr\u00e8s appr\u00e9ci\u00e9 des amateurs. <\/em><\/p>\n<p data-start=\"172\" data-end=\"509\"><em>Un l\u00e9gume de saison raffin\u00e9, parfait pour une cuisine gourmande.<\/em><\/p>\n<h4 data-section-id=\"sfu058\" data-start=\"511\" data-end=\"544\">\ud83e\uddca Conseils de conservation<\/h4>\n<ul data-start=\"545\" data-end=\"759\">\n<li data-section-id=\"1jjt2l8\" data-start=\"545\" data-end=\"623\">\n<p data-start=\"547\" data-end=\"623\"><em>\u00c0 conserver au r\u00e9frig\u00e9rateur, id\u00e9alement envelopp\u00e9es dans un linge humide.<\/em><\/p>\n<\/li>\n<li data-section-id=\"1k90vzh\" data-start=\"624\" data-end=\"689\">\n<p data-start=\"626\" data-end=\"689\"><em>\u00c0 consommer rapidement pour profiter de toute leur fra\u00eecheur.<\/em><\/p>\n<\/li>\n<li data-section-id=\"xzjuna\" data-start=\"690\" data-end=\"759\">\n<p data-start=\"692\" data-end=\"759\"><em>Peut aussi se conserver debout avec un peu d\u2019eau, comme un bouquet.<\/em><\/p>\n<\/li>\n<\/ul>\n<h4 data-section-id=\"b53rqs\" data-start=\"761\" data-end=\"793\">\ud83c\udf7d\ufe0f Conseils d\u2019utilisation<\/h4>\n<ul data-start=\"794\" data-end=\"986\">\n<li data-section-id=\"1d39ah2\" data-start=\"794\" data-end=\"851\">\n<p data-start=\"796\" data-end=\"851\"><em>D\u00e9licieuses simplement cuites \u00e0 la vapeur ou \u00e0 l\u2019eau.<\/em><\/p>\n<\/li>\n<li data-section-id=\"o1muse\" data-start=\"852\" data-end=\"920\">\n<p data-start=\"854\" data-end=\"920\"><em>Parfaites en salade, en accompagnement ou avec une sauce l\u00e9g\u00e8re.<\/em><\/p>\n<\/li>\n<li data-section-id=\"2b6jr6\" data-start=\"921\" data-end=\"986\">\n<p data-start=\"923\" data-end=\"986\"><em>Excellentes aussi r\u00f4ties au four avec un filet d\u2019huile d\u2019olive.<\/em><\/p>\n<\/li>\n<\/ul>\n","protected":false},"excerpt":{"rendered":"<p><strong>BOTTE D&rsquo;ASPERGES MOYENNE DE 500g<\/strong><\/p>\n<p><strong>SA PROVENANCE :\u00a0<\/strong><em>D&rsquo;origine France \ud83c\uddeb\ud83c\uddf7 , Montpezat.<\/em><\/p>\n<p><strong>CAT\u00c9GORIE : II<\/strong><\/p>\n","protected":false},"featured_media":9420,"comment_status":"open","ping_status":"closed","template":"","meta":[],"product_brand":[],"product_cat":[77,271],"product_tag":[266],"class_list":{"0":"post-9419","1":"product","2":"type-product","3":"status-publish","4":"has-post-thumbnail","6":"product_cat-legume","7":"product_cat-tous","8":"product_tag-asperges-violette-moyenne","10":"first","11":"instock","12":"shipping-taxable","13":"purchasable","14":"product-type-simple"},"yoast_head":"<!-- This site is optimized with the Yoast SEO plugin v27.5 - https:\/\/yoast.com\/product\/yoast-seo-wordpress\/ -->\n<title>BOTTE D&#039;ASPERGES MOYENNE (\u00e0 l&#039;Unit\u00e9) - Jardin d&#039;Aim\u00e9e<\/title>\n<meta name=\"robots\" content=\"index, follow, max-snippet:-1, max-image-preview:large, max-video-preview:-1\" \/>\n<link rel=\"canonical\" href=\"https:\/\/jardindaime.com\/index.php\/product\/botte-dasperges-moyenne-a-lunite\/\" \/>\n<meta property=\"og:locale\" content=\"fr_FR\" \/>\n<meta property=\"og:type\" content=\"article\" \/>\n<meta property=\"og:title\" content=\"BOTTE D&#039;ASPERGES MOYENNE (\u00e0 l&#039;Unit\u00e9) - Jardin d&#039;Aim\u00e9e\" \/>\n<meta property=\"og:description\" content=\"BOTTE D&#039;ASPERGES MOYENNE DE 500g  SA PROVENANCE :\u00a0D&#039;origine France \ud83c\uddeb\ud83c\uddf7 , Montpezat.  CAT\u00c9GORIE : II\" \/>\n<meta property=\"og:url\" content=\"https:\/\/jardindaime.com\/index.php\/product\/botte-dasperges-moyenne-a-lunite\/\" \/>\n<meta property=\"og:site_name\" content=\"Jardin d&#039;Aim\u00e9e\" \/>\n<meta property=\"article:modified_time\" content=\"2026-04-23T16:39:08+00:00\" \/>\n<meta property=\"og:image\" content=\"https:\/\/jardindaime.com\/wp-content\/uploads\/2026\/03\/media.auchan.png\" \/>\n\t<meta property=\"og:image:width\" content=\"2048\" \/>\n\t<meta property=\"og:image:height\" content=\"2048\" \/>\n\t<meta property=\"og:image:type\" content=\"image\/png\" \/>\n<meta name=\"twitter:card\" content=\"summary_large_image\" \/>\n<meta name=\"twitter:label1\" content=\"Dur\u00e9e de lecture estim\u00e9e\" \/>\n\t<meta name=\"twitter:data1\" content=\"1 minute\" \/>\n<script type=\"application\/ld+json\" class=\"yoast-schema-graph\">{\"@context\":\"https:\\\/\\\/schema.org\",\"@graph\":[{\"@type\":\"WebPage\",\"@id\":\"https:\\\/\\\/jardindaime.com\\\/index.php\\\/product\\\/botte-dasperges-moyenne-a-lunite\\\/\",\"url\":\"https:\\\/\\\/jardindaime.com\\\/index.php\\\/product\\\/botte-dasperges-moyenne-a-lunite\\\/\",\"name\":\"BOTTE D'ASPERGES MOYENNE (\u00e0 l'Unit\u00e9) - Jardin d&#039;Aim\u00e9e\",\"isPartOf\":{\"@id\":\"https:\\\/\\\/jardindaime.com\\\/#website\"},\"primaryImageOfPage\":{\"@id\":\"https:\\\/\\\/jardindaime.com\\\/index.php\\\/product\\\/botte-dasperges-moyenne-a-lunite\\\/#primaryimage\"},\"image\":{\"@id\":\"https:\\\/\\\/jardindaime.com\\\/index.php\\\/product\\\/botte-dasperges-moyenne-a-lunite\\\/#primaryimage\"},\"thumbnailUrl\":\"https:\\\/\\\/jardindaime.com\\\/wp-content\\\/uploads\\\/2026\\\/03\\\/media.auchan.png\",\"datePublished\":\"2026-03-17T12:05:41+00:00\",\"dateModified\":\"2026-04-23T16:39:08+00:00\",\"breadcrumb\":{\"@id\":\"https:\\\/\\\/jardindaime.com\\\/index.php\\\/product\\\/botte-dasperges-moyenne-a-lunite\\\/#breadcrumb\"},\"inLanguage\":\"fr-FR\",\"potentialAction\":[{\"@type\":\"ReadAction\",\"target\":[\"https:\\\/\\\/jardindaime.com\\\/index.php\\\/product\\\/botte-dasperges-moyenne-a-lunite\\\/\"]}]},{\"@type\":\"ImageObject\",\"inLanguage\":\"fr-FR\",\"@id\":\"https:\\\/\\\/jardindaime.com\\\/index.php\\\/product\\\/botte-dasperges-moyenne-a-lunite\\\/#primaryimage\",\"url\":\"https:\\\/\\\/jardindaime.com\\\/wp-content\\\/uploads\\\/2026\\\/03\\\/media.auchan.png\",\"contentUrl\":\"https:\\\/\\\/jardindaime.com\\\/wp-content\\\/uploads\\\/2026\\\/03\\\/media.auchan.png\",\"width\":2048,\"height\":2048},{\"@type\":\"BreadcrumbList\",\"@id\":\"https:\\\/\\\/jardindaime.com\\\/index.php\\\/product\\\/botte-dasperges-moyenne-a-lunite\\\/#breadcrumb\",\"itemListElement\":[{\"@type\":\"ListItem\",\"position\":1,\"name\":\"Home\",\"item\":\"https:\\\/\\\/jardindaime.com\\\/\"},{\"@type\":\"ListItem\",\"position\":2,\"name\":\"Produits\",\"item\":\"https:\\\/\\\/jardindaime.com\\\/index.php\\\/shop\\\/\"},{\"@type\":\"ListItem\",\"position\":3,\"name\":\"BOTTE D&rsquo;ASPERGES MOYENNE (\u00e0 l&rsquo;Unit\u00e9)\"}]},{\"@type\":\"WebSite\",\"@id\":\"https:\\\/\\\/jardindaime.com\\\/#website\",\"url\":\"https:\\\/\\\/jardindaime.com\\\/\",\"name\":\"Jardin d&#039;Aim\u00e9e\",\"description\":\"Vente de fruits et l\u00e9gumes \u00e0 domicile\",\"potentialAction\":[{\"@type\":\"SearchAction\",\"target\":{\"@type\":\"EntryPoint\",\"urlTemplate\":\"https:\\\/\\\/jardindaime.com\\\/?s={search_term_string}\"},\"query-input\":{\"@type\":\"PropertyValueSpecification\",\"valueRequired\":true,\"valueName\":\"search_term_string\"}}],\"inLanguage\":\"fr-FR\"}]}<\/script>\n<!-- \/ Yoast SEO plugin. -->","yoast_head_json":{"title":"BOTTE D'ASPERGES MOYENNE (\u00e0 l'Unit\u00e9) - Jardin d&#039;Aim\u00e9e","robots":{"index":"index","follow":"follow","max-snippet":"max-snippet:-1","max-image-preview":"max-image-preview:large","max-video-preview":"max-video-preview:-1"},"canonical":"https:\/\/jardindaime.com\/index.php\/product\/botte-dasperges-moyenne-a-lunite\/","og_locale":"fr_FR","og_type":"article","og_title":"BOTTE D'ASPERGES MOYENNE (\u00e0 l'Unit\u00e9) - Jardin d&#039;Aim\u00e9e","og_description":"BOTTE D'ASPERGES MOYENNE DE 500g  SA PROVENANCE :\u00a0D'origine France \ud83c\uddeb\ud83c\uddf7 , Montpezat.  CAT\u00c9GORIE : II","og_url":"https:\/\/jardindaime.com\/index.php\/product\/botte-dasperges-moyenne-a-lunite\/","og_site_name":"Jardin d&#039;Aim\u00e9e","article_modified_time":"2026-04-23T16:39:08+00:00","og_image":[{"width":2048,"height":2048,"url":"https:\/\/jardindaime.com\/wp-content\/uploads\/2026\/03\/media.auchan.png","type":"image\/png"}],"twitter_card":"summary_large_image","twitter_misc":{"Dur\u00e9e de lecture estim\u00e9e":"1 minute"},"schema":{"@context":"https:\/\/schema.org","@graph":[{"@type":"WebPage","@id":"https:\/\/jardindaime.com\/index.php\/product\/botte-dasperges-moyenne-a-lunite\/","url":"https:\/\/jardindaime.com\/index.php\/product\/botte-dasperges-moyenne-a-lunite\/","name":"BOTTE D'ASPERGES MOYENNE (\u00e0 l'Unit\u00e9) - Jardin d&#039;Aim\u00e9e","isPartOf":{"@id":"https:\/\/jardindaime.com\/#website"},"primaryImageOfPage":{"@id":"https:\/\/jardindaime.com\/index.php\/product\/botte-dasperges-moyenne-a-lunite\/#primaryimage"},"image":{"@id":"https:\/\/jardindaime.com\/index.php\/product\/botte-dasperges-moyenne-a-lunite\/#primaryimage"},"thumbnailUrl":"https:\/\/jardindaime.com\/wp-content\/uploads\/2026\/03\/media.auchan.png","datePublished":"2026-03-17T12:05:41+00:00","dateModified":"2026-04-23T16:39:08+00:00","breadcrumb":{"@id":"https:\/\/jardindaime.com\/index.php\/product\/botte-dasperges-moyenne-a-lunite\/#breadcrumb"},"inLanguage":"fr-FR","potentialAction":[{"@type":"ReadAction","target":["https:\/\/jardindaime.com\/index.php\/product\/botte-dasperges-moyenne-a-lunite\/"]}]},{"@type":"ImageObject","inLanguage":"fr-FR","@id":"https:\/\/jardindaime.com\/index.php\/product\/botte-dasperges-moyenne-a-lunite\/#primaryimage","url":"https:\/\/jardindaime.com\/wp-content\/uploads\/2026\/03\/media.auchan.png","contentUrl":"https:\/\/jardindaime.com\/wp-content\/uploads\/2026\/03\/media.auchan.png","width":2048,"height":2048},{"@type":"BreadcrumbList","@id":"https:\/\/jardindaime.com\/index.php\/product\/botte-dasperges-moyenne-a-lunite\/#breadcrumb","itemListElement":[{"@type":"ListItem","position":1,"name":"Home","item":"https:\/\/jardindaime.com\/"},{"@type":"ListItem","position":2,"name":"Produits","item":"https:\/\/jardindaime.com\/index.php\/shop\/"},{"@type":"ListItem","position":3,"name":"BOTTE D&rsquo;ASPERGES MOYENNE (\u00e0 l&rsquo;Unit\u00e9)"}]},{"@type":"WebSite","@id":"https:\/\/jardindaime.com\/#website","url":"https:\/\/jardindaime.com\/","name":"Jardin d&#039;Aim\u00e9e","description":"Vente de fruits et l\u00e9gumes \u00e0 domicile","potentialAction":[{"@type":"SearchAction","target":{"@type":"EntryPoint","urlTemplate":"https:\/\/jardindaime.com\/?s={search_term_string}"},"query-input":{"@type":"PropertyValueSpecification","valueRequired":true,"valueName":"search_term_string"}}],"inLanguage":"fr-FR"}]}},"_links":{"self":[{"href":"https:\/\/jardindaime.com\/index.php\/wp-json\/wp\/v2\/product\/9419","targetHints":{"allow":["GET"]}}],"collection":[{"href":"https:\/\/jardindaime.com\/index.php\/wp-json\/wp\/v2\/product"}],"about":[{"href":"https:\/\/jardindaime.com\/index.php\/wp-json\/wp\/v2\/types\/product"}],"replies":[{"embeddable":true,"href":"https:\/\/jardindaime.com\/index.php\/wp-json\/wp\/v2\/comments?post=9419"}],"wp:featuredmedia":[{"embeddable":true,"href":"https:\/\/jardindaime.com\/index.php\/wp-json\/wp\/v2\/media\/9420"}],"wp:attachment":[{"href":"https:\/\/jardindaime.com\/index.php\/wp-json\/wp\/v2\/media?parent=9419"}],"wp:term":[{"taxonomy":"product_brand","embeddable":true,"href":"https:\/\/jardindaime.com\/index.php\/wp-json\/wp\/v2\/product_brand?post=9419"},{"taxonomy":"product_cat","embeddable":true,"href":"https:\/\/jardindaime.com\/index.php\/wp-json\/wp\/v2\/product_cat?post=9419"},{"taxonomy":"product_tag","embeddable":true,"href":"https:\/\/jardindaime.com\/index.php\/wp-json\/wp\/v2\/product_tag?post=9419"}],"curies":[{"name":"wp","href":"https:\/\/api.w.org\/{rel}","templated":true}]}}