{"id":9422,"date":"2026-03-17T12:27:32","date_gmt":"2026-03-17T12:27:32","guid":{"rendered":"https:\/\/jardindaime.com\/?post_type=product&#038;p=9422"},"modified":"2026-05-04T15:36:22","modified_gmt":"2026-05-04T15:36:22","slug":"bouquet-dartichauts-a-lunite","status":"publish","type":"product","link":"https:\/\/jardindaime.com\/index.php\/product\/bouquet-dartichauts-a-lunite\/","title":{"rendered":"BOUQUET D&rsquo;ARTICHAUTS (\u00e0 l&rsquo;Unit\u00e9)"},"content":{"rendered":"<h4 data-section-id=\"1n3eoi8\" data-start=\"98\" data-end=\"114\">\ud83c\udf3f Bouquet d&rsquo;Artichauts<\/h4>\n<h4 data-section-id=\"fz8h12\" data-start=\"116\" data-end=\"151\">\u2728 Caract\u00e9ristiques du produit<\/h4>\n<p data-start=\"152\" data-end=\"418\"><em>L\u2019artichaut est un l\u00e9gume raffin\u00e9, appr\u00e9ci\u00e9 pour sa chair tendre et son go\u00fbt d\u00e9licat.\u00a0 <\/em><\/p>\n<p data-start=\"152\" data-end=\"418\"><em>Ses feuilles charnues renferment un c\u0153ur fondant, particuli\u00e8rement savoureux. <\/em><\/p>\n<p data-start=\"152\" data-end=\"418\"><em>Riche en fibres et en antioxydants, il allie plaisir et bienfaits pour une cuisine saine et gourmande.<\/em><\/p>\n<h4 data-section-id=\"sfu058\" data-start=\"420\" data-end=\"453\">\ud83e\uddca Conseils de conservation<\/h4>\n<ul data-start=\"454\" data-end=\"655\">\n<li data-section-id=\"133lb6x\" data-start=\"454\" data-end=\"510\">\n<p data-start=\"456\" data-end=\"510\"><em>\u00c0 conserver au r\u00e9frig\u00e9rateur, dans le bac \u00e0 l\u00e9gumes.<\/em><\/p>\n<\/li>\n<li data-section-id=\"amcinz\" data-start=\"511\" data-end=\"572\">\n<p data-start=\"513\" data-end=\"572\"><em>\u00c0 consommer rapidement pour pr\u00e9server toute sa fra\u00eecheur.<\/em><\/p>\n<\/li>\n<li data-section-id=\"7uef08\" data-start=\"573\" data-end=\"655\">\n<p data-start=\"575\" data-end=\"655\"><em>Peut \u00eatre conserv\u00e9 quelques jours, de pr\u00e9f\u00e9rence dans un sac ou un linge humide.<\/em><\/p>\n<\/li>\n<\/ul>\n<h4 data-section-id=\"b53rqs\" data-start=\"657\" data-end=\"689\">\ud83c\udf7d\ufe0f Conseils d\u2019utilisation<\/h4>\n<ul data-start=\"690\" data-end=\"899\">\n<li data-section-id=\"lucxz\" data-start=\"690\" data-end=\"762\">\n<p data-start=\"692\" data-end=\"762\"><em>\u00c0 cuire \u00e0 l\u2019eau ou \u00e0 la vapeur, puis \u00e0 d\u00e9guster feuille par feuille.<\/em><\/p>\n<\/li>\n<li data-section-id=\"1tvzhn4\" data-start=\"763\" data-end=\"832\">\n<p data-start=\"765\" data-end=\"832\"><em>Le c\u0153ur est id\u00e9al en salade, en vinaigrette ou en accompagnement.<\/em><\/p>\n<\/li>\n<li data-section-id=\"1ubdhzl\" data-start=\"833\" data-end=\"899\">\n<p data-start=\"835\" data-end=\"899\"><em>Parfait aussi en gratin, farci ou dans des plats m\u00e9diterran\u00e9ens.<\/em><\/p>\n<\/li>\n<\/ul>\n","protected":false},"excerpt":{"rendered":"<p><strong>BOUQUET DE 5 D&rsquo;ARTICHAUTS <\/strong><\/p>\n<p><strong>SA PROVENANCE :\u00a0<\/strong><em>D&rsquo;origine France \ud83c\uddeb\ud83c\uddf7 , Bellegarde.<\/em><\/p>\n<p><strong>CAT\u00c9GORIE : II<\/strong><\/p>\n","protected":false},"featured_media":9425,"comment_status":"open","ping_status":"closed","template":"","meta":[],"product_brand":[],"product_cat":[77,271],"product_tag":[196],"class_list":{"0":"post-9422","1":"product","2":"type-product","3":"status-publish","4":"has-post-thumbnail","6":"product_cat-legume","7":"product_cat-tous","8":"product_tag-bouquet-dartichaut","10":"first","11":"instock","12":"shipping-taxable","13":"purchasable","14":"product-type-simple"},"yoast_head":"<!-- This site is optimized with the Yoast SEO plugin v27.5 - https:\/\/yoast.com\/product\/yoast-seo-wordpress\/ -->\n<title>BOUQUET D&#039;ARTICHAUTS (\u00e0 l&#039;Unit\u00e9) - Jardin d&#039;Aim\u00e9e<\/title>\n<meta name=\"robots\" content=\"index, follow, max-snippet:-1, max-image-preview:large, max-video-preview:-1\" \/>\n<link rel=\"canonical\" href=\"https:\/\/jardindaime.com\/index.php\/product\/bouquet-dartichauts-a-lunite\/\" \/>\n<meta property=\"og:locale\" content=\"fr_FR\" \/>\n<meta property=\"og:type\" content=\"article\" \/>\n<meta property=\"og:title\" content=\"BOUQUET D&#039;ARTICHAUTS (\u00e0 l&#039;Unit\u00e9) - Jardin d&#039;Aim\u00e9e\" \/>\n<meta property=\"og:description\" content=\"BOUQUET DE 5 D&#039;ARTICHAUTS   SA PROVENANCE :\u00a0D&#039;origine France \ud83c\uddeb\ud83c\uddf7 , Bellegarde.  CAT\u00c9GORIE : II\" \/>\n<meta property=\"og:url\" content=\"https:\/\/jardindaime.com\/index.php\/product\/bouquet-dartichauts-a-lunite\/\" \/>\n<meta property=\"og:site_name\" content=\"Jardin d&#039;Aim\u00e9e\" \/>\n<meta property=\"article:modified_time\" content=\"2026-05-04T15:36:22+00:00\" \/>\n<meta property=\"og:image\" content=\"https:\/\/jardindaime.com\/wp-content\/uploads\/2026\/03\/1587543098-Photoroom.png\" \/>\n\t<meta property=\"og:image:width\" content=\"544\" \/>\n\t<meta property=\"og:image:height\" content=\"378\" \/>\n\t<meta property=\"og:image:type\" content=\"image\/png\" \/>\n<meta name=\"twitter:card\" content=\"summary_large_image\" \/>\n<meta name=\"twitter:label1\" content=\"Dur\u00e9e de lecture estim\u00e9e\" \/>\n\t<meta name=\"twitter:data1\" content=\"1 minute\" \/>\n<script type=\"application\/ld+json\" class=\"yoast-schema-graph\">{\"@context\":\"https:\\\/\\\/schema.org\",\"@graph\":[{\"@type\":\"WebPage\",\"@id\":\"https:\\\/\\\/jardindaime.com\\\/index.php\\\/product\\\/bouquet-dartichauts-a-lunite\\\/\",\"url\":\"https:\\\/\\\/jardindaime.com\\\/index.php\\\/product\\\/bouquet-dartichauts-a-lunite\\\/\",\"name\":\"BOUQUET D'ARTICHAUTS (\u00e0 l'Unit\u00e9) - Jardin d&#039;Aim\u00e9e\",\"isPartOf\":{\"@id\":\"https:\\\/\\\/jardindaime.com\\\/#website\"},\"primaryImageOfPage\":{\"@id\":\"https:\\\/\\\/jardindaime.com\\\/index.php\\\/product\\\/bouquet-dartichauts-a-lunite\\\/#primaryimage\"},\"image\":{\"@id\":\"https:\\\/\\\/jardindaime.com\\\/index.php\\\/product\\\/bouquet-dartichauts-a-lunite\\\/#primaryimage\"},\"thumbnailUrl\":\"https:\\\/\\\/jardindaime.com\\\/wp-content\\\/uploads\\\/2026\\\/03\\\/1587543098-Photoroom.png\",\"datePublished\":\"2026-03-17T12:27:32+00:00\",\"dateModified\":\"2026-05-04T15:36:22+00:00\",\"breadcrumb\":{\"@id\":\"https:\\\/\\\/jardindaime.com\\\/index.php\\\/product\\\/bouquet-dartichauts-a-lunite\\\/#breadcrumb\"},\"inLanguage\":\"fr-FR\",\"potentialAction\":[{\"@type\":\"ReadAction\",\"target\":[\"https:\\\/\\\/jardindaime.com\\\/index.php\\\/product\\\/bouquet-dartichauts-a-lunite\\\/\"]}]},{\"@type\":\"ImageObject\",\"inLanguage\":\"fr-FR\",\"@id\":\"https:\\\/\\\/jardindaime.com\\\/index.php\\\/product\\\/bouquet-dartichauts-a-lunite\\\/#primaryimage\",\"url\":\"https:\\\/\\\/jardindaime.com\\\/wp-content\\\/uploads\\\/2026\\\/03\\\/1587543098-Photoroom.png\",\"contentUrl\":\"https:\\\/\\\/jardindaime.com\\\/wp-content\\\/uploads\\\/2026\\\/03\\\/1587543098-Photoroom.png\",\"width\":544,\"height\":378},{\"@type\":\"BreadcrumbList\",\"@id\":\"https:\\\/\\\/jardindaime.com\\\/index.php\\\/product\\\/bouquet-dartichauts-a-lunite\\\/#breadcrumb\",\"itemListElement\":[{\"@type\":\"ListItem\",\"position\":1,\"name\":\"Home\",\"item\":\"https:\\\/\\\/jardindaime.com\\\/\"},{\"@type\":\"ListItem\",\"position\":2,\"name\":\"Produits\",\"item\":\"https:\\\/\\\/jardindaime.com\\\/index.php\\\/shop\\\/\"},{\"@type\":\"ListItem\",\"position\":3,\"name\":\"BOUQUET D&rsquo;ARTICHAUTS (\u00e0 l&rsquo;Unit\u00e9)\"}]},{\"@type\":\"WebSite\",\"@id\":\"https:\\\/\\\/jardindaime.com\\\/#website\",\"url\":\"https:\\\/\\\/jardindaime.com\\\/\",\"name\":\"Jardin d&#039;Aim\u00e9e\",\"description\":\"Vente de fruits et l\u00e9gumes \u00e0 domicile\",\"potentialAction\":[{\"@type\":\"SearchAction\",\"target\":{\"@type\":\"EntryPoint\",\"urlTemplate\":\"https:\\\/\\\/jardindaime.com\\\/?s={search_term_string}\"},\"query-input\":{\"@type\":\"PropertyValueSpecification\",\"valueRequired\":true,\"valueName\":\"search_term_string\"}}],\"inLanguage\":\"fr-FR\"}]}<\/script>\n<!-- \/ Yoast SEO plugin. -->","yoast_head_json":{"title":"BOUQUET D'ARTICHAUTS (\u00e0 l'Unit\u00e9) - Jardin d&#039;Aim\u00e9e","robots":{"index":"index","follow":"follow","max-snippet":"max-snippet:-1","max-image-preview":"max-image-preview:large","max-video-preview":"max-video-preview:-1"},"canonical":"https:\/\/jardindaime.com\/index.php\/product\/bouquet-dartichauts-a-lunite\/","og_locale":"fr_FR","og_type":"article","og_title":"BOUQUET D'ARTICHAUTS (\u00e0 l'Unit\u00e9) - Jardin d&#039;Aim\u00e9e","og_description":"BOUQUET DE 5 D'ARTICHAUTS   SA PROVENANCE :\u00a0D'origine France \ud83c\uddeb\ud83c\uddf7 , Bellegarde.  CAT\u00c9GORIE : II","og_url":"https:\/\/jardindaime.com\/index.php\/product\/bouquet-dartichauts-a-lunite\/","og_site_name":"Jardin d&#039;Aim\u00e9e","article_modified_time":"2026-05-04T15:36:22+00:00","og_image":[{"width":544,"height":378,"url":"https:\/\/jardindaime.com\/wp-content\/uploads\/2026\/03\/1587543098-Photoroom.png","type":"image\/png"}],"twitter_card":"summary_large_image","twitter_misc":{"Dur\u00e9e de lecture estim\u00e9e":"1 minute"},"schema":{"@context":"https:\/\/schema.org","@graph":[{"@type":"WebPage","@id":"https:\/\/jardindaime.com\/index.php\/product\/bouquet-dartichauts-a-lunite\/","url":"https:\/\/jardindaime.com\/index.php\/product\/bouquet-dartichauts-a-lunite\/","name":"BOUQUET D'ARTICHAUTS (\u00e0 l'Unit\u00e9) - Jardin d&#039;Aim\u00e9e","isPartOf":{"@id":"https:\/\/jardindaime.com\/#website"},"primaryImageOfPage":{"@id":"https:\/\/jardindaime.com\/index.php\/product\/bouquet-dartichauts-a-lunite\/#primaryimage"},"image":{"@id":"https:\/\/jardindaime.com\/index.php\/product\/bouquet-dartichauts-a-lunite\/#primaryimage"},"thumbnailUrl":"https:\/\/jardindaime.com\/wp-content\/uploads\/2026\/03\/1587543098-Photoroom.png","datePublished":"2026-03-17T12:27:32+00:00","dateModified":"2026-05-04T15:36:22+00:00","breadcrumb":{"@id":"https:\/\/jardindaime.com\/index.php\/product\/bouquet-dartichauts-a-lunite\/#breadcrumb"},"inLanguage":"fr-FR","potentialAction":[{"@type":"ReadAction","target":["https:\/\/jardindaime.com\/index.php\/product\/bouquet-dartichauts-a-lunite\/"]}]},{"@type":"ImageObject","inLanguage":"fr-FR","@id":"https:\/\/jardindaime.com\/index.php\/product\/bouquet-dartichauts-a-lunite\/#primaryimage","url":"https:\/\/jardindaime.com\/wp-content\/uploads\/2026\/03\/1587543098-Photoroom.png","contentUrl":"https:\/\/jardindaime.com\/wp-content\/uploads\/2026\/03\/1587543098-Photoroom.png","width":544,"height":378},{"@type":"BreadcrumbList","@id":"https:\/\/jardindaime.com\/index.php\/product\/bouquet-dartichauts-a-lunite\/#breadcrumb","itemListElement":[{"@type":"ListItem","position":1,"name":"Home","item":"https:\/\/jardindaime.com\/"},{"@type":"ListItem","position":2,"name":"Produits","item":"https:\/\/jardindaime.com\/index.php\/shop\/"},{"@type":"ListItem","position":3,"name":"BOUQUET D&rsquo;ARTICHAUTS (\u00e0 l&rsquo;Unit\u00e9)"}]},{"@type":"WebSite","@id":"https:\/\/jardindaime.com\/#website","url":"https:\/\/jardindaime.com\/","name":"Jardin d&#039;Aim\u00e9e","description":"Vente de fruits et l\u00e9gumes \u00e0 domicile","potentialAction":[{"@type":"SearchAction","target":{"@type":"EntryPoint","urlTemplate":"https:\/\/jardindaime.com\/?s={search_term_string}"},"query-input":{"@type":"PropertyValueSpecification","valueRequired":true,"valueName":"search_term_string"}}],"inLanguage":"fr-FR"}]}},"_links":{"self":[{"href":"https:\/\/jardindaime.com\/index.php\/wp-json\/wp\/v2\/product\/9422","targetHints":{"allow":["GET"]}}],"collection":[{"href":"https:\/\/jardindaime.com\/index.php\/wp-json\/wp\/v2\/product"}],"about":[{"href":"https:\/\/jardindaime.com\/index.php\/wp-json\/wp\/v2\/types\/product"}],"replies":[{"embeddable":true,"href":"https:\/\/jardindaime.com\/index.php\/wp-json\/wp\/v2\/comments?post=9422"}],"wp:featuredmedia":[{"embeddable":true,"href":"https:\/\/jardindaime.com\/index.php\/wp-json\/wp\/v2\/media\/9425"}],"wp:attachment":[{"href":"https:\/\/jardindaime.com\/index.php\/wp-json\/wp\/v2\/media?parent=9422"}],"wp:term":[{"taxonomy":"product_brand","embeddable":true,"href":"https:\/\/jardindaime.com\/index.php\/wp-json\/wp\/v2\/product_brand?post=9422"},{"taxonomy":"product_cat","embeddable":true,"href":"https:\/\/jardindaime.com\/index.php\/wp-json\/wp\/v2\/product_cat?post=9422"},{"taxonomy":"product_tag","embeddable":true,"href":"https:\/\/jardindaime.com\/index.php\/wp-json\/wp\/v2\/product_tag?post=9422"}],"curies":[{"name":"wp","href":"https:\/\/api.w.org\/{rel}","templated":true}]}}