{"id":9444,"date":"2026-04-09T13:07:35","date_gmt":"2026-04-09T13:07:35","guid":{"rendered":"https:\/\/jardindaime.com\/?post_type=product&#038;p=9444"},"modified":"2026-04-09T13:07:35","modified_gmt":"2026-04-09T13:07:35","slug":"fraises-dream-a-lunite","status":"publish","type":"product","link":"https:\/\/jardindaime.com\/index.php\/product\/fraises-dream-a-lunite\/","title":{"rendered":"FRAISES DREAM (\u00e0 l&rsquo;Unit\u00e9)"},"content":{"rendered":"<h4 data-section-id=\"7vpiub\" data-start=\"106\" data-end=\"139\"><img decoding=\"async\" class=\"emoji\" role=\"img\" draggable=\"false\" src=\"https:\/\/s.w.org\/images\/core\/emoji\/17.0.2\/svg\/1f353.svg\" alt=\"\ud83c\udf53\" \/> Fraises \u2013 Vari\u00e9t\u00e9 Dream<\/h4>\n<h4 data-section-id=\"fz8h12\" data-start=\"141\" data-end=\"176\"><img decoding=\"async\" class=\"emoji\" role=\"img\" draggable=\"false\" src=\"https:\/\/s.w.org\/images\/core\/emoji\/17.0.2\/svg\/2728.svg\" alt=\"\u2728\" \/> Caract\u00e9ristiques du produit<\/h4>\n<p data-start=\"177\" data-end=\"493\"><em>Les fraises Dream s\u00e9duisent par leur belle couleur rouge brillante, leur chair juteuse et leur go\u00fbt intens\u00e9ment sucr\u00e9. <\/em><\/p>\n<p data-start=\"177\" data-end=\"493\"><em>Tr\u00e8s parfum\u00e9es, elles offrent une saveur gourmande avec une l\u00e9g\u00e8re pointe d\u2019acidit\u00e9. <\/em><\/p>\n<p data-start=\"177\" data-end=\"493\"><em>Cultiv\u00e9es en agriculture biologique, elles allient plaisir et qualit\u00e9 pour des moments fruit\u00e9s et savoureux.<\/em><\/p>\n<h4 data-section-id=\"sfu058\" data-start=\"495\" data-end=\"528\"><img decoding=\"async\" class=\"emoji\" role=\"img\" draggable=\"false\" src=\"https:\/\/s.w.org\/images\/core\/emoji\/17.0.2\/svg\/1f9ca.svg\" alt=\"\ud83e\uddca\" \/> Conseils de conservation<\/h4>\n<ul data-start=\"529\" data-end=\"727\">\n<li data-section-id=\"1a84tcr\" data-start=\"529\" data-end=\"593\">\n<p data-start=\"531\" data-end=\"593\"><em>\u00c0 conserver au r\u00e9frig\u00e9rateur, dans leur barquette d\u2019origine.<\/em><\/p>\n<\/li>\n<li data-section-id=\"1k90vzh\" data-start=\"594\" data-end=\"659\">\n<p data-start=\"596\" data-end=\"659\"><em>\u00c0 consommer rapidement pour profiter de toute leur fra\u00eecheur.<\/em><\/p>\n<\/li>\n<li data-section-id=\"1v3a19h\" data-start=\"660\" data-end=\"727\">\n<p data-start=\"662\" data-end=\"727\"><em>\u00c9viter de les laver avant stockage, mais juste avant d\u00e9gustation.<\/em><\/p>\n<\/li>\n<\/ul>\n<h4 data-section-id=\"b53rqs\" data-start=\"729\" data-end=\"761\"><img decoding=\"async\" class=\"emoji\" role=\"img\" draggable=\"false\" src=\"https:\/\/s.w.org\/images\/core\/emoji\/17.0.2\/svg\/1f37d.svg\" alt=\"\ud83c\udf7d\ufe0f\" \/> Conseils d\u2019utilisation<\/h4>\n<ul data-start=\"762\" data-end=\"957\">\n<li data-section-id=\"1ic6f5n\" data-start=\"762\" data-end=\"828\">\n<p data-start=\"764\" data-end=\"828\"><em>Parfaites \u00e0 d\u00e9guster nature, pour appr\u00e9cier toute leur saveur.<\/em><\/p>\n<\/li>\n<li data-section-id=\"y1nknn\" data-start=\"829\" data-end=\"895\">\n<p data-start=\"831\" data-end=\"895\"><em>Id\u00e9ales en salades de fruits, desserts, tartes et p\u00e2tisseries.<\/em><\/p>\n<\/li>\n<li data-section-id=\"a24kxx\" data-start=\"896\" data-end=\"957\">\n<p data-start=\"898\" data-end=\"957\"><em>D\u00e9licieuses avec un peu de sucre, de menthe ou en smoothie.<\/em><\/p>\n<\/li>\n<\/ul>\n","protected":false},"excerpt":{"rendered":"<p><strong>BARQUETTE DE FRAISES DREAM DE 250g<\/strong><\/p>\n<p><strong>SA PROVENANCE :\u00a0<\/strong><em>D\u2019origine France <img decoding=\"async\" class=\"emoji\" role=\"img\" draggable=\"false\" src=\"https:\/\/s.w.org\/images\/core\/emoji\/17.0.2\/svg\/1f1eb-1f1f7.svg\" alt=\"\ud83c\uddeb\ud83c\uddf7\" \/> , Bellegarde.<\/em><\/p>\n<p><strong>CAT\u00c9GORIE : II<\/strong><\/p>\n<p>&nbsp;<\/p>\n","protected":false},"featured_media":9448,"comment_status":"open","ping_status":"closed","template":"","meta":[],"product_brand":[],"product_cat":[86,271],"product_tag":[230],"class_list":{"0":"post-9444","1":"product","2":"type-product","3":"status-publish","4":"has-post-thumbnail","6":"product_cat-fruits","7":"product_cat-tous","8":"product_tag-fraise-dream","10":"first","11":"instock","12":"shipping-taxable","13":"purchasable","14":"product-type-simple"},"yoast_head":"<!-- This site is optimized with the Yoast SEO plugin v27.4 - https:\/\/yoast.com\/product\/yoast-seo-wordpress\/ -->\n<title>FRAISES DREAM (\u00e0 l&#039;Unit\u00e9) - Jardin d&#039;Aim\u00e9e<\/title>\n<meta name=\"robots\" content=\"index, follow, max-snippet:-1, max-image-preview:large, max-video-preview:-1\" \/>\n<link rel=\"canonical\" href=\"https:\/\/jardindaime.com\/index.php\/product\/fraises-dream-a-lunite\/\" \/>\n<meta property=\"og:locale\" content=\"fr_FR\" \/>\n<meta property=\"og:type\" content=\"article\" \/>\n<meta property=\"og:title\" content=\"FRAISES DREAM (\u00e0 l&#039;Unit\u00e9) - Jardin d&#039;Aim\u00e9e\" \/>\n<meta property=\"og:description\" content=\"BARQUETTE DE FRAISES DREAM DE 250g  SA PROVENANCE :\u00a0D\u2019origine France , Bellegarde.  CAT\u00c9GORIE : II  &nbsp;\" \/>\n<meta property=\"og:url\" content=\"https:\/\/jardindaime.com\/index.php\/product\/fraises-dream-a-lunite\/\" \/>\n<meta property=\"og:site_name\" content=\"Jardin d&#039;Aim\u00e9e\" \/>\n<meta property=\"og:image\" content=\"https:\/\/jardindaime.com\/wp-content\/uploads\/2026\/04\/3385635292134_0b2a3734-14db-4f37-a5aa-f0149a748cb4.jpg\" \/>\n\t<meta property=\"og:image:width\" content=\"320\" \/>\n\t<meta property=\"og:image:height\" content=\"320\" \/>\n\t<meta property=\"og:image:type\" content=\"image\/jpeg\" \/>\n<meta name=\"twitter:card\" content=\"summary_large_image\" \/>\n<meta name=\"twitter:label1\" content=\"Dur\u00e9e de lecture estim\u00e9e\" \/>\n\t<meta name=\"twitter:data1\" content=\"2 minutes\" \/>\n<script type=\"application\/ld+json\" class=\"yoast-schema-graph\">{\"@context\":\"https:\\\/\\\/schema.org\",\"@graph\":[{\"@type\":\"WebPage\",\"@id\":\"https:\\\/\\\/jardindaime.com\\\/index.php\\\/product\\\/fraises-dream-a-lunite\\\/\",\"url\":\"https:\\\/\\\/jardindaime.com\\\/index.php\\\/product\\\/fraises-dream-a-lunite\\\/\",\"name\":\"FRAISES DREAM (\u00e0 l'Unit\u00e9) - Jardin d&#039;Aim\u00e9e\",\"isPartOf\":{\"@id\":\"https:\\\/\\\/jardindaime.com\\\/#website\"},\"primaryImageOfPage\":{\"@id\":\"https:\\\/\\\/jardindaime.com\\\/index.php\\\/product\\\/fraises-dream-a-lunite\\\/#primaryimage\"},\"image\":{\"@id\":\"https:\\\/\\\/jardindaime.com\\\/index.php\\\/product\\\/fraises-dream-a-lunite\\\/#primaryimage\"},\"thumbnailUrl\":\"https:\\\/\\\/jardindaime.com\\\/wp-content\\\/uploads\\\/2026\\\/04\\\/3385635292134_0b2a3734-14db-4f37-a5aa-f0149a748cb4.jpg\",\"datePublished\":\"2026-04-09T13:07:35+00:00\",\"breadcrumb\":{\"@id\":\"https:\\\/\\\/jardindaime.com\\\/index.php\\\/product\\\/fraises-dream-a-lunite\\\/#breadcrumb\"},\"inLanguage\":\"fr-FR\",\"potentialAction\":[{\"@type\":\"ReadAction\",\"target\":[\"https:\\\/\\\/jardindaime.com\\\/index.php\\\/product\\\/fraises-dream-a-lunite\\\/\"]}]},{\"@type\":\"ImageObject\",\"inLanguage\":\"fr-FR\",\"@id\":\"https:\\\/\\\/jardindaime.com\\\/index.php\\\/product\\\/fraises-dream-a-lunite\\\/#primaryimage\",\"url\":\"https:\\\/\\\/jardindaime.com\\\/wp-content\\\/uploads\\\/2026\\\/04\\\/3385635292134_0b2a3734-14db-4f37-a5aa-f0149a748cb4.jpg\",\"contentUrl\":\"https:\\\/\\\/jardindaime.com\\\/wp-content\\\/uploads\\\/2026\\\/04\\\/3385635292134_0b2a3734-14db-4f37-a5aa-f0149a748cb4.jpg\",\"width\":320,\"height\":320},{\"@type\":\"BreadcrumbList\",\"@id\":\"https:\\\/\\\/jardindaime.com\\\/index.php\\\/product\\\/fraises-dream-a-lunite\\\/#breadcrumb\",\"itemListElement\":[{\"@type\":\"ListItem\",\"position\":1,\"name\":\"Home\",\"item\":\"https:\\\/\\\/jardindaime.com\\\/\"},{\"@type\":\"ListItem\",\"position\":2,\"name\":\"Produits\",\"item\":\"https:\\\/\\\/jardindaime.com\\\/index.php\\\/shop\\\/\"},{\"@type\":\"ListItem\",\"position\":3,\"name\":\"FRAISES DREAM (\u00e0 l&rsquo;Unit\u00e9)\"}]},{\"@type\":\"WebSite\",\"@id\":\"https:\\\/\\\/jardindaime.com\\\/#website\",\"url\":\"https:\\\/\\\/jardindaime.com\\\/\",\"name\":\"Jardin d&#039;Aim\u00e9e\",\"description\":\"Vente de fruits et l\u00e9gumes \u00e0 domicile\",\"potentialAction\":[{\"@type\":\"SearchAction\",\"target\":{\"@type\":\"EntryPoint\",\"urlTemplate\":\"https:\\\/\\\/jardindaime.com\\\/?s={search_term_string}\"},\"query-input\":{\"@type\":\"PropertyValueSpecification\",\"valueRequired\":true,\"valueName\":\"search_term_string\"}}],\"inLanguage\":\"fr-FR\"}]}<\/script>\n<!-- \/ Yoast SEO plugin. -->","yoast_head_json":{"title":"FRAISES DREAM (\u00e0 l'Unit\u00e9) - Jardin d&#039;Aim\u00e9e","robots":{"index":"index","follow":"follow","max-snippet":"max-snippet:-1","max-image-preview":"max-image-preview:large","max-video-preview":"max-video-preview:-1"},"canonical":"https:\/\/jardindaime.com\/index.php\/product\/fraises-dream-a-lunite\/","og_locale":"fr_FR","og_type":"article","og_title":"FRAISES DREAM (\u00e0 l'Unit\u00e9) - Jardin d&#039;Aim\u00e9e","og_description":"BARQUETTE DE FRAISES DREAM DE 250g  SA PROVENANCE :\u00a0D\u2019origine France , Bellegarde.  CAT\u00c9GORIE : II  &nbsp;","og_url":"https:\/\/jardindaime.com\/index.php\/product\/fraises-dream-a-lunite\/","og_site_name":"Jardin d&#039;Aim\u00e9e","og_image":[{"width":320,"height":320,"url":"https:\/\/jardindaime.com\/wp-content\/uploads\/2026\/04\/3385635292134_0b2a3734-14db-4f37-a5aa-f0149a748cb4.jpg","type":"image\/jpeg"}],"twitter_card":"summary_large_image","twitter_misc":{"Dur\u00e9e de lecture estim\u00e9e":"2 minutes"},"schema":{"@context":"https:\/\/schema.org","@graph":[{"@type":"WebPage","@id":"https:\/\/jardindaime.com\/index.php\/product\/fraises-dream-a-lunite\/","url":"https:\/\/jardindaime.com\/index.php\/product\/fraises-dream-a-lunite\/","name":"FRAISES DREAM (\u00e0 l'Unit\u00e9) - Jardin d&#039;Aim\u00e9e","isPartOf":{"@id":"https:\/\/jardindaime.com\/#website"},"primaryImageOfPage":{"@id":"https:\/\/jardindaime.com\/index.php\/product\/fraises-dream-a-lunite\/#primaryimage"},"image":{"@id":"https:\/\/jardindaime.com\/index.php\/product\/fraises-dream-a-lunite\/#primaryimage"},"thumbnailUrl":"https:\/\/jardindaime.com\/wp-content\/uploads\/2026\/04\/3385635292134_0b2a3734-14db-4f37-a5aa-f0149a748cb4.jpg","datePublished":"2026-04-09T13:07:35+00:00","breadcrumb":{"@id":"https:\/\/jardindaime.com\/index.php\/product\/fraises-dream-a-lunite\/#breadcrumb"},"inLanguage":"fr-FR","potentialAction":[{"@type":"ReadAction","target":["https:\/\/jardindaime.com\/index.php\/product\/fraises-dream-a-lunite\/"]}]},{"@type":"ImageObject","inLanguage":"fr-FR","@id":"https:\/\/jardindaime.com\/index.php\/product\/fraises-dream-a-lunite\/#primaryimage","url":"https:\/\/jardindaime.com\/wp-content\/uploads\/2026\/04\/3385635292134_0b2a3734-14db-4f37-a5aa-f0149a748cb4.jpg","contentUrl":"https:\/\/jardindaime.com\/wp-content\/uploads\/2026\/04\/3385635292134_0b2a3734-14db-4f37-a5aa-f0149a748cb4.jpg","width":320,"height":320},{"@type":"BreadcrumbList","@id":"https:\/\/jardindaime.com\/index.php\/product\/fraises-dream-a-lunite\/#breadcrumb","itemListElement":[{"@type":"ListItem","position":1,"name":"Home","item":"https:\/\/jardindaime.com\/"},{"@type":"ListItem","position":2,"name":"Produits","item":"https:\/\/jardindaime.com\/index.php\/shop\/"},{"@type":"ListItem","position":3,"name":"FRAISES DREAM (\u00e0 l&rsquo;Unit\u00e9)"}]},{"@type":"WebSite","@id":"https:\/\/jardindaime.com\/#website","url":"https:\/\/jardindaime.com\/","name":"Jardin d&#039;Aim\u00e9e","description":"Vente de fruits et l\u00e9gumes \u00e0 domicile","potentialAction":[{"@type":"SearchAction","target":{"@type":"EntryPoint","urlTemplate":"https:\/\/jardindaime.com\/?s={search_term_string}"},"query-input":{"@type":"PropertyValueSpecification","valueRequired":true,"valueName":"search_term_string"}}],"inLanguage":"fr-FR"}]}},"_links":{"self":[{"href":"https:\/\/jardindaime.com\/index.php\/wp-json\/wp\/v2\/product\/9444","targetHints":{"allow":["GET"]}}],"collection":[{"href":"https:\/\/jardindaime.com\/index.php\/wp-json\/wp\/v2\/product"}],"about":[{"href":"https:\/\/jardindaime.com\/index.php\/wp-json\/wp\/v2\/types\/product"}],"replies":[{"embeddable":true,"href":"https:\/\/jardindaime.com\/index.php\/wp-json\/wp\/v2\/comments?post=9444"}],"wp:featuredmedia":[{"embeddable":true,"href":"https:\/\/jardindaime.com\/index.php\/wp-json\/wp\/v2\/media\/9448"}],"wp:attachment":[{"href":"https:\/\/jardindaime.com\/index.php\/wp-json\/wp\/v2\/media?parent=9444"}],"wp:term":[{"taxonomy":"product_brand","embeddable":true,"href":"https:\/\/jardindaime.com\/index.php\/wp-json\/wp\/v2\/product_brand?post=9444"},{"taxonomy":"product_cat","embeddable":true,"href":"https:\/\/jardindaime.com\/index.php\/wp-json\/wp\/v2\/product_cat?post=9444"},{"taxonomy":"product_tag","embeddable":true,"href":"https:\/\/jardindaime.com\/index.php\/wp-json\/wp\/v2\/product_tag?post=9444"}],"curies":[{"name":"wp","href":"https:\/\/api.w.org\/{rel}","templated":true}]}}