{"id":9458,"date":"2026-04-20T15:53:49","date_gmt":"2026-04-20T15:53:49","guid":{"rendered":"https:\/\/jardindaime.com\/?post_type=product&#038;p=9458"},"modified":"2026-04-20T16:02:44","modified_gmt":"2026-04-20T16:02:44","slug":"petit-pois","status":"publish","type":"product","link":"https:\/\/jardindaime.com\/index.php\/product\/petit-pois\/","title":{"rendered":"PETIT POIS"},"content":{"rendered":"<h4>\ud83d\udfe2 Petits pois \u2013 Tendres et sucr\u00e9s<\/h4>\n<h4>\u2728 Caract\u00e9ristiques du produit<\/h4>\n<p><em>Les petits pois sont des l\u00e9gumes verts \u00e0 la saveur douce et l\u00e9g\u00e8rement sucr\u00e9e. <\/em><\/p>\n<p><em>Ils sont tr\u00e8s appr\u00e9ci\u00e9s pour leur texture tendre et leur go\u00fbt d\u00e9licat, parfaits pour accompagner de nombreux plats ou \u00e0 d\u00e9guster seuls.<\/em><\/p>\n<h4><em>\ud83e\uddca Conseils de conservation<\/em><\/h4>\n<p><em>\u2022 Conserver au r\u00e9frig\u00e9rateur, id\u00e9alement dans un sac perfor\u00e9, pour pr\u00e9server leur fra\u00eecheur.<\/em><\/p>\n<p><em>\u2022 \u00c0 consommer rapidement apr\u00e8s achat pour profiter de toute leur saveur.<\/em><\/p>\n<h4>\ud83c\udf7d\ufe0f Conseils d\u2019utilisation<\/h4>\n<p><em>\u2022 \u00c0 cuire rapidement \u00e0 la vapeur ou \u00e0 l\u2019eau pour conserver leur couleur et leur go\u00fbt.<\/em><\/p>\n<p><em>\u2022 Parfaits en accompagnement de viandes, poissons ou dans les plats mijot\u00e9s.<\/em><\/p>\n<p><em>\u2022 Astuce gourmande : ajoutez-les \u00e0 une salade compos\u00e9e ou \u00e0 un risotto pour apporter douceur et couleur.<\/em><\/p>\n","protected":false},"excerpt":{"rendered":"<p><strong>PETIT POIS\u00a0<\/strong><\/p>\n<p><strong>SA PROVENANCE :\u00a0<\/strong><em>D&rsquo;origine France \ud83c\uddeb\ud83c\uddf7 , Montpezat.<\/em><\/p>\n<p><strong>CAT\u00c9GORIE : II<\/strong><\/p>\n<p><em>( 1,60\u20ac les 100g soit 16\u20ac le Kg)<\/em><\/p>\n","protected":false},"featured_media":9459,"comment_status":"open","ping_status":"closed","template":"","meta":[],"product_brand":[],"product_cat":[77,271],"product_tag":[193],"class_list":{"0":"post-9458","1":"product","2":"type-product","3":"status-publish","4":"has-post-thumbnail","6":"product_cat-legume","7":"product_cat-tous","8":"product_tag-petits-pois","10":"first","11":"instock","12":"shipping-taxable","13":"purchasable","14":"product-type-variable"},"yoast_head":"<!-- This site is optimized with the Yoast SEO plugin v27.4 - https:\/\/yoast.com\/product\/yoast-seo-wordpress\/ -->\n<title>PETIT POIS - Jardin d&#039;Aim\u00e9e<\/title>\n<meta name=\"robots\" content=\"index, follow, max-snippet:-1, max-image-preview:large, max-video-preview:-1\" \/>\n<link rel=\"canonical\" href=\"https:\/\/jardindaime.com\/index.php\/product\/petit-pois\/\" \/>\n<meta property=\"og:locale\" content=\"fr_FR\" \/>\n<meta property=\"og:type\" content=\"article\" \/>\n<meta property=\"og:title\" content=\"PETIT POIS - Jardin d&#039;Aim\u00e9e\" \/>\n<meta property=\"og:description\" content=\"PETIT POIS\u00a0  SA PROVENANCE :\u00a0D&#039;origine France \ud83c\uddeb\ud83c\uddf7 , Montpezat.  CAT\u00c9GORIE : II  ( 1,60\u20ac les 100g soit 16\u20ac le Kg)\" \/>\n<meta property=\"og:url\" content=\"https:\/\/jardindaime.com\/index.php\/product\/petit-pois\/\" \/>\n<meta property=\"og:site_name\" content=\"Jardin d&#039;Aim\u00e9e\" \/>\n<meta property=\"article:modified_time\" content=\"2026-04-20T16:02:44+00:00\" \/>\n<meta property=\"og:image\" content=\"https:\/\/jardindaime.com\/wp-content\/uploads\/2026\/04\/doperwten-300x238-1.jpg\" \/>\n\t<meta property=\"og:image:width\" content=\"300\" \/>\n\t<meta property=\"og:image:height\" content=\"238\" \/>\n\t<meta property=\"og:image:type\" content=\"image\/jpeg\" \/>\n<meta name=\"twitter:card\" content=\"summary_large_image\" \/>\n<meta name=\"twitter:label1\" content=\"Dur\u00e9e de lecture estim\u00e9e\" \/>\n\t<meta name=\"twitter:data1\" content=\"1 minute\" \/>\n<script type=\"application\/ld+json\" class=\"yoast-schema-graph\">{\"@context\":\"https:\\\/\\\/schema.org\",\"@graph\":[{\"@type\":\"WebPage\",\"@id\":\"https:\\\/\\\/jardindaime.com\\\/index.php\\\/product\\\/petit-pois\\\/\",\"url\":\"https:\\\/\\\/jardindaime.com\\\/index.php\\\/product\\\/petit-pois\\\/\",\"name\":\"PETIT POIS - Jardin d&#039;Aim\u00e9e\",\"isPartOf\":{\"@id\":\"https:\\\/\\\/jardindaime.com\\\/#website\"},\"primaryImageOfPage\":{\"@id\":\"https:\\\/\\\/jardindaime.com\\\/index.php\\\/product\\\/petit-pois\\\/#primaryimage\"},\"image\":{\"@id\":\"https:\\\/\\\/jardindaime.com\\\/index.php\\\/product\\\/petit-pois\\\/#primaryimage\"},\"thumbnailUrl\":\"https:\\\/\\\/jardindaime.com\\\/wp-content\\\/uploads\\\/2026\\\/04\\\/doperwten-300x238-1.jpg\",\"datePublished\":\"2026-04-20T15:53:49+00:00\",\"dateModified\":\"2026-04-20T16:02:44+00:00\",\"breadcrumb\":{\"@id\":\"https:\\\/\\\/jardindaime.com\\\/index.php\\\/product\\\/petit-pois\\\/#breadcrumb\"},\"inLanguage\":\"fr-FR\",\"potentialAction\":[{\"@type\":\"ReadAction\",\"target\":[\"https:\\\/\\\/jardindaime.com\\\/index.php\\\/product\\\/petit-pois\\\/\"]}]},{\"@type\":\"ImageObject\",\"inLanguage\":\"fr-FR\",\"@id\":\"https:\\\/\\\/jardindaime.com\\\/index.php\\\/product\\\/petit-pois\\\/#primaryimage\",\"url\":\"https:\\\/\\\/jardindaime.com\\\/wp-content\\\/uploads\\\/2026\\\/04\\\/doperwten-300x238-1.jpg\",\"contentUrl\":\"https:\\\/\\\/jardindaime.com\\\/wp-content\\\/uploads\\\/2026\\\/04\\\/doperwten-300x238-1.jpg\",\"width\":300,\"height\":238},{\"@type\":\"BreadcrumbList\",\"@id\":\"https:\\\/\\\/jardindaime.com\\\/index.php\\\/product\\\/petit-pois\\\/#breadcrumb\",\"itemListElement\":[{\"@type\":\"ListItem\",\"position\":1,\"name\":\"Home\",\"item\":\"https:\\\/\\\/jardindaime.com\\\/\"},{\"@type\":\"ListItem\",\"position\":2,\"name\":\"Produits\",\"item\":\"https:\\\/\\\/jardindaime.com\\\/index.php\\\/shop\\\/\"},{\"@type\":\"ListItem\",\"position\":3,\"name\":\"PETIT POIS\"}]},{\"@type\":\"WebSite\",\"@id\":\"https:\\\/\\\/jardindaime.com\\\/#website\",\"url\":\"https:\\\/\\\/jardindaime.com\\\/\",\"name\":\"Jardin d&#039;Aim\u00e9e\",\"description\":\"Vente de fruits et l\u00e9gumes \u00e0 domicile\",\"potentialAction\":[{\"@type\":\"SearchAction\",\"target\":{\"@type\":\"EntryPoint\",\"urlTemplate\":\"https:\\\/\\\/jardindaime.com\\\/?s={search_term_string}\"},\"query-input\":{\"@type\":\"PropertyValueSpecification\",\"valueRequired\":true,\"valueName\":\"search_term_string\"}}],\"inLanguage\":\"fr-FR\"}]}<\/script>\n<!-- \/ Yoast SEO plugin. -->","yoast_head_json":{"title":"PETIT POIS - Jardin d&#039;Aim\u00e9e","robots":{"index":"index","follow":"follow","max-snippet":"max-snippet:-1","max-image-preview":"max-image-preview:large","max-video-preview":"max-video-preview:-1"},"canonical":"https:\/\/jardindaime.com\/index.php\/product\/petit-pois\/","og_locale":"fr_FR","og_type":"article","og_title":"PETIT POIS - Jardin d&#039;Aim\u00e9e","og_description":"PETIT POIS\u00a0  SA PROVENANCE :\u00a0D'origine France \ud83c\uddeb\ud83c\uddf7 , Montpezat.  CAT\u00c9GORIE : II  ( 1,60\u20ac les 100g soit 16\u20ac le Kg)","og_url":"https:\/\/jardindaime.com\/index.php\/product\/petit-pois\/","og_site_name":"Jardin d&#039;Aim\u00e9e","article_modified_time":"2026-04-20T16:02:44+00:00","og_image":[{"width":300,"height":238,"url":"https:\/\/jardindaime.com\/wp-content\/uploads\/2026\/04\/doperwten-300x238-1.jpg","type":"image\/jpeg"}],"twitter_card":"summary_large_image","twitter_misc":{"Dur\u00e9e de lecture estim\u00e9e":"1 minute"},"schema":{"@context":"https:\/\/schema.org","@graph":[{"@type":"WebPage","@id":"https:\/\/jardindaime.com\/index.php\/product\/petit-pois\/","url":"https:\/\/jardindaime.com\/index.php\/product\/petit-pois\/","name":"PETIT POIS - Jardin d&#039;Aim\u00e9e","isPartOf":{"@id":"https:\/\/jardindaime.com\/#website"},"primaryImageOfPage":{"@id":"https:\/\/jardindaime.com\/index.php\/product\/petit-pois\/#primaryimage"},"image":{"@id":"https:\/\/jardindaime.com\/index.php\/product\/petit-pois\/#primaryimage"},"thumbnailUrl":"https:\/\/jardindaime.com\/wp-content\/uploads\/2026\/04\/doperwten-300x238-1.jpg","datePublished":"2026-04-20T15:53:49+00:00","dateModified":"2026-04-20T16:02:44+00:00","breadcrumb":{"@id":"https:\/\/jardindaime.com\/index.php\/product\/petit-pois\/#breadcrumb"},"inLanguage":"fr-FR","potentialAction":[{"@type":"ReadAction","target":["https:\/\/jardindaime.com\/index.php\/product\/petit-pois\/"]}]},{"@type":"ImageObject","inLanguage":"fr-FR","@id":"https:\/\/jardindaime.com\/index.php\/product\/petit-pois\/#primaryimage","url":"https:\/\/jardindaime.com\/wp-content\/uploads\/2026\/04\/doperwten-300x238-1.jpg","contentUrl":"https:\/\/jardindaime.com\/wp-content\/uploads\/2026\/04\/doperwten-300x238-1.jpg","width":300,"height":238},{"@type":"BreadcrumbList","@id":"https:\/\/jardindaime.com\/index.php\/product\/petit-pois\/#breadcrumb","itemListElement":[{"@type":"ListItem","position":1,"name":"Home","item":"https:\/\/jardindaime.com\/"},{"@type":"ListItem","position":2,"name":"Produits","item":"https:\/\/jardindaime.com\/index.php\/shop\/"},{"@type":"ListItem","position":3,"name":"PETIT POIS"}]},{"@type":"WebSite","@id":"https:\/\/jardindaime.com\/#website","url":"https:\/\/jardindaime.com\/","name":"Jardin d&#039;Aim\u00e9e","description":"Vente de fruits et l\u00e9gumes \u00e0 domicile","potentialAction":[{"@type":"SearchAction","target":{"@type":"EntryPoint","urlTemplate":"https:\/\/jardindaime.com\/?s={search_term_string}"},"query-input":{"@type":"PropertyValueSpecification","valueRequired":true,"valueName":"search_term_string"}}],"inLanguage":"fr-FR"}]}},"_links":{"self":[{"href":"https:\/\/jardindaime.com\/index.php\/wp-json\/wp\/v2\/product\/9458","targetHints":{"allow":["GET"]}}],"collection":[{"href":"https:\/\/jardindaime.com\/index.php\/wp-json\/wp\/v2\/product"}],"about":[{"href":"https:\/\/jardindaime.com\/index.php\/wp-json\/wp\/v2\/types\/product"}],"replies":[{"embeddable":true,"href":"https:\/\/jardindaime.com\/index.php\/wp-json\/wp\/v2\/comments?post=9458"}],"wp:featuredmedia":[{"embeddable":true,"href":"https:\/\/jardindaime.com\/index.php\/wp-json\/wp\/v2\/media\/9459"}],"wp:attachment":[{"href":"https:\/\/jardindaime.com\/index.php\/wp-json\/wp\/v2\/media?parent=9458"}],"wp:term":[{"taxonomy":"product_brand","embeddable":true,"href":"https:\/\/jardindaime.com\/index.php\/wp-json\/wp\/v2\/product_brand?post=9458"},{"taxonomy":"product_cat","embeddable":true,"href":"https:\/\/jardindaime.com\/index.php\/wp-json\/wp\/v2\/product_cat?post=9458"},{"taxonomy":"product_tag","embeddable":true,"href":"https:\/\/jardindaime.com\/index.php\/wp-json\/wp\/v2\/product_tag?post=9458"}],"curies":[{"name":"wp","href":"https:\/\/api.w.org\/{rel}","templated":true}]}}