{"id":9471,"date":"2026-04-20T16:07:00","date_gmt":"2026-04-20T16:07:00","guid":{"rendered":"https:\/\/jardindaime.com\/?post_type=product&#038;p=9471"},"modified":"2026-04-20T16:15:26","modified_gmt":"2026-04-20T16:15:26","slug":"pois-gourmand","status":"publish","type":"product","link":"https:\/\/jardindaime.com\/index.php\/product\/pois-gourmand\/","title":{"rendered":"POIS GOURMAND"},"content":{"rendered":"<h4>\ud83c\udf3f Pois gourmand \u2013 Croquant et sucr\u00e9<\/h4>\n<h4>\u2728 Caract\u00e9ristiques du produit<\/h4>\n<p><em>Le pois gourmand est une vari\u00e9t\u00e9 de l\u00e9gume \u00e0 gousses fines et comestibles, croquantes et l\u00e9g\u00e8rement sucr\u00e9es. <\/em><\/p>\n<p><em>Il se distingue par sa fra\u00eecheur et sa saveur d\u00e9licate, parfaite pour des plats l\u00e9gers et color\u00e9s.<\/em><\/p>\n<h4>\ud83e\uddca Conseils de conservation<\/h4>\n<p><em>\u2022 Conserver au r\u00e9frig\u00e9rateur, dans le bac \u00e0 l\u00e9gumes, pour pr\u00e9server croquant et fra\u00eecheur.<\/em><\/p>\n<p><em>\u2022 \u00c0 consommer rapidement apr\u00e8s achat pour profiter de toute sa saveur.<\/em><\/p>\n<h4>\ud83c\udf7d\ufe0f Conseils d\u2019utilisation<\/h4>\n<p>\u2022 <em>\u00c0 d\u00e9guster cru en salade pour un croquant rafra\u00eechissant.<\/em><\/p>\n<p><em>\u2022 Excellent cuit \u00e0 la vapeur ou saut\u00e9 \u00e0 la po\u00eale, seul ou avec d\u2019autres l\u00e9gumes.<\/em><\/p>\n<p><em>\u2022 Astuce gourmande : ajoutez-le \u00e0 vos saut\u00e9s, wok ou plats de p\u00e2tes pour une touche de douceur et de couleur.<\/em><\/p>\n","protected":false},"excerpt":{"rendered":"<p><strong>POIS GOURMAND\u00a0<\/strong><\/p>\n<p><strong>SA PROVENANCE :\u00a0<\/strong><em>D&rsquo;origine France \ud83c\uddeb\ud83c\uddf7 , Montpezat.<\/em><\/p>\n<p><strong>CAT\u00c9GORIE : II<\/strong><\/p>\n<p><em>(1,90\u20ac les 100g soit 19\u20ac le Kg)<\/em><\/p>\n","protected":false},"featured_media":9473,"comment_status":"open","ping_status":"closed","template":"","meta":[],"product_brand":[],"product_cat":[77,271],"product_tag":[108],"class_list":{"0":"post-9471","1":"product","2":"type-product","3":"status-publish","4":"has-post-thumbnail","6":"product_cat-legume","7":"product_cat-tous","8":"product_tag-pois-gourmand","10":"first","11":"instock","12":"shipping-taxable","13":"purchasable","14":"product-type-variable"},"yoast_head":"<!-- This site is optimized with the Yoast SEO plugin v27.4 - https:\/\/yoast.com\/product\/yoast-seo-wordpress\/ -->\n<title>POIS GOURMAND - Jardin d&#039;Aim\u00e9e<\/title>\n<meta name=\"robots\" content=\"index, follow, max-snippet:-1, max-image-preview:large, max-video-preview:-1\" \/>\n<link rel=\"canonical\" href=\"https:\/\/jardindaime.com\/index.php\/product\/pois-gourmand\/\" \/>\n<meta property=\"og:locale\" content=\"fr_FR\" \/>\n<meta property=\"og:type\" content=\"article\" \/>\n<meta property=\"og:title\" content=\"POIS GOURMAND - Jardin d&#039;Aim\u00e9e\" \/>\n<meta property=\"og:description\" content=\"POIS GOURMAND\u00a0  SA PROVENANCE :\u00a0D&#039;origine France \ud83c\uddeb\ud83c\uddf7 , Montpezat.  CAT\u00c9GORIE : II  (1,90\u20ac les 100g soit 19\u20ac le Kg)\" \/>\n<meta property=\"og:url\" content=\"https:\/\/jardindaime.com\/index.php\/product\/pois-gourmand\/\" \/>\n<meta property=\"og:site_name\" content=\"Jardin d&#039;Aim\u00e9e\" \/>\n<meta property=\"article:modified_time\" content=\"2026-04-20T16:15:26+00:00\" \/>\n<meta property=\"og:image\" content=\"https:\/\/jardindaime.com\/wp-content\/uploads\/2026\/04\/pois-gourmand-www-sifrais.fr-6217d4b32b24c280349471.jpg\" \/>\n\t<meta property=\"og:image:width\" content=\"500\" \/>\n\t<meta property=\"og:image:height\" content=\"359\" \/>\n\t<meta property=\"og:image:type\" content=\"image\/jpeg\" \/>\n<meta name=\"twitter:card\" content=\"summary_large_image\" \/>\n<meta name=\"twitter:label1\" content=\"Dur\u00e9e de lecture estim\u00e9e\" \/>\n\t<meta name=\"twitter:data1\" content=\"1 minute\" \/>\n<script type=\"application\/ld+json\" class=\"yoast-schema-graph\">{\"@context\":\"https:\\\/\\\/schema.org\",\"@graph\":[{\"@type\":\"WebPage\",\"@id\":\"https:\\\/\\\/jardindaime.com\\\/index.php\\\/product\\\/pois-gourmand\\\/\",\"url\":\"https:\\\/\\\/jardindaime.com\\\/index.php\\\/product\\\/pois-gourmand\\\/\",\"name\":\"POIS GOURMAND - Jardin d&#039;Aim\u00e9e\",\"isPartOf\":{\"@id\":\"https:\\\/\\\/jardindaime.com\\\/#website\"},\"primaryImageOfPage\":{\"@id\":\"https:\\\/\\\/jardindaime.com\\\/index.php\\\/product\\\/pois-gourmand\\\/#primaryimage\"},\"image\":{\"@id\":\"https:\\\/\\\/jardindaime.com\\\/index.php\\\/product\\\/pois-gourmand\\\/#primaryimage\"},\"thumbnailUrl\":\"https:\\\/\\\/jardindaime.com\\\/wp-content\\\/uploads\\\/2026\\\/04\\\/pois-gourmand-www-sifrais.fr-6217d4b32b24c280349471.jpg\",\"datePublished\":\"2026-04-20T16:07:00+00:00\",\"dateModified\":\"2026-04-20T16:15:26+00:00\",\"breadcrumb\":{\"@id\":\"https:\\\/\\\/jardindaime.com\\\/index.php\\\/product\\\/pois-gourmand\\\/#breadcrumb\"},\"inLanguage\":\"fr-FR\",\"potentialAction\":[{\"@type\":\"ReadAction\",\"target\":[\"https:\\\/\\\/jardindaime.com\\\/index.php\\\/product\\\/pois-gourmand\\\/\"]}]},{\"@type\":\"ImageObject\",\"inLanguage\":\"fr-FR\",\"@id\":\"https:\\\/\\\/jardindaime.com\\\/index.php\\\/product\\\/pois-gourmand\\\/#primaryimage\",\"url\":\"https:\\\/\\\/jardindaime.com\\\/wp-content\\\/uploads\\\/2026\\\/04\\\/pois-gourmand-www-sifrais.fr-6217d4b32b24c280349471.jpg\",\"contentUrl\":\"https:\\\/\\\/jardindaime.com\\\/wp-content\\\/uploads\\\/2026\\\/04\\\/pois-gourmand-www-sifrais.fr-6217d4b32b24c280349471.jpg\",\"width\":500,\"height\":359},{\"@type\":\"BreadcrumbList\",\"@id\":\"https:\\\/\\\/jardindaime.com\\\/index.php\\\/product\\\/pois-gourmand\\\/#breadcrumb\",\"itemListElement\":[{\"@type\":\"ListItem\",\"position\":1,\"name\":\"Home\",\"item\":\"https:\\\/\\\/jardindaime.com\\\/\"},{\"@type\":\"ListItem\",\"position\":2,\"name\":\"Produits\",\"item\":\"https:\\\/\\\/jardindaime.com\\\/index.php\\\/shop\\\/\"},{\"@type\":\"ListItem\",\"position\":3,\"name\":\"POIS GOURMAND\"}]},{\"@type\":\"WebSite\",\"@id\":\"https:\\\/\\\/jardindaime.com\\\/#website\",\"url\":\"https:\\\/\\\/jardindaime.com\\\/\",\"name\":\"Jardin d&#039;Aim\u00e9e\",\"description\":\"Vente de fruits et l\u00e9gumes \u00e0 domicile\",\"potentialAction\":[{\"@type\":\"SearchAction\",\"target\":{\"@type\":\"EntryPoint\",\"urlTemplate\":\"https:\\\/\\\/jardindaime.com\\\/?s={search_term_string}\"},\"query-input\":{\"@type\":\"PropertyValueSpecification\",\"valueRequired\":true,\"valueName\":\"search_term_string\"}}],\"inLanguage\":\"fr-FR\"}]}<\/script>\n<!-- \/ Yoast SEO plugin. -->","yoast_head_json":{"title":"POIS GOURMAND - Jardin d&#039;Aim\u00e9e","robots":{"index":"index","follow":"follow","max-snippet":"max-snippet:-1","max-image-preview":"max-image-preview:large","max-video-preview":"max-video-preview:-1"},"canonical":"https:\/\/jardindaime.com\/index.php\/product\/pois-gourmand\/","og_locale":"fr_FR","og_type":"article","og_title":"POIS GOURMAND - Jardin d&#039;Aim\u00e9e","og_description":"POIS GOURMAND\u00a0  SA PROVENANCE :\u00a0D'origine France \ud83c\uddeb\ud83c\uddf7 , Montpezat.  CAT\u00c9GORIE : II  (1,90\u20ac les 100g soit 19\u20ac le Kg)","og_url":"https:\/\/jardindaime.com\/index.php\/product\/pois-gourmand\/","og_site_name":"Jardin d&#039;Aim\u00e9e","article_modified_time":"2026-04-20T16:15:26+00:00","og_image":[{"width":500,"height":359,"url":"https:\/\/jardindaime.com\/wp-content\/uploads\/2026\/04\/pois-gourmand-www-sifrais.fr-6217d4b32b24c280349471.jpg","type":"image\/jpeg"}],"twitter_card":"summary_large_image","twitter_misc":{"Dur\u00e9e de lecture estim\u00e9e":"1 minute"},"schema":{"@context":"https:\/\/schema.org","@graph":[{"@type":"WebPage","@id":"https:\/\/jardindaime.com\/index.php\/product\/pois-gourmand\/","url":"https:\/\/jardindaime.com\/index.php\/product\/pois-gourmand\/","name":"POIS GOURMAND - Jardin d&#039;Aim\u00e9e","isPartOf":{"@id":"https:\/\/jardindaime.com\/#website"},"primaryImageOfPage":{"@id":"https:\/\/jardindaime.com\/index.php\/product\/pois-gourmand\/#primaryimage"},"image":{"@id":"https:\/\/jardindaime.com\/index.php\/product\/pois-gourmand\/#primaryimage"},"thumbnailUrl":"https:\/\/jardindaime.com\/wp-content\/uploads\/2026\/04\/pois-gourmand-www-sifrais.fr-6217d4b32b24c280349471.jpg","datePublished":"2026-04-20T16:07:00+00:00","dateModified":"2026-04-20T16:15:26+00:00","breadcrumb":{"@id":"https:\/\/jardindaime.com\/index.php\/product\/pois-gourmand\/#breadcrumb"},"inLanguage":"fr-FR","potentialAction":[{"@type":"ReadAction","target":["https:\/\/jardindaime.com\/index.php\/product\/pois-gourmand\/"]}]},{"@type":"ImageObject","inLanguage":"fr-FR","@id":"https:\/\/jardindaime.com\/index.php\/product\/pois-gourmand\/#primaryimage","url":"https:\/\/jardindaime.com\/wp-content\/uploads\/2026\/04\/pois-gourmand-www-sifrais.fr-6217d4b32b24c280349471.jpg","contentUrl":"https:\/\/jardindaime.com\/wp-content\/uploads\/2026\/04\/pois-gourmand-www-sifrais.fr-6217d4b32b24c280349471.jpg","width":500,"height":359},{"@type":"BreadcrumbList","@id":"https:\/\/jardindaime.com\/index.php\/product\/pois-gourmand\/#breadcrumb","itemListElement":[{"@type":"ListItem","position":1,"name":"Home","item":"https:\/\/jardindaime.com\/"},{"@type":"ListItem","position":2,"name":"Produits","item":"https:\/\/jardindaime.com\/index.php\/shop\/"},{"@type":"ListItem","position":3,"name":"POIS GOURMAND"}]},{"@type":"WebSite","@id":"https:\/\/jardindaime.com\/#website","url":"https:\/\/jardindaime.com\/","name":"Jardin d&#039;Aim\u00e9e","description":"Vente de fruits et l\u00e9gumes \u00e0 domicile","potentialAction":[{"@type":"SearchAction","target":{"@type":"EntryPoint","urlTemplate":"https:\/\/jardindaime.com\/?s={search_term_string}"},"query-input":{"@type":"PropertyValueSpecification","valueRequired":true,"valueName":"search_term_string"}}],"inLanguage":"fr-FR"}]}},"_links":{"self":[{"href":"https:\/\/jardindaime.com\/index.php\/wp-json\/wp\/v2\/product\/9471","targetHints":{"allow":["GET"]}}],"collection":[{"href":"https:\/\/jardindaime.com\/index.php\/wp-json\/wp\/v2\/product"}],"about":[{"href":"https:\/\/jardindaime.com\/index.php\/wp-json\/wp\/v2\/types\/product"}],"replies":[{"embeddable":true,"href":"https:\/\/jardindaime.com\/index.php\/wp-json\/wp\/v2\/comments?post=9471"}],"wp:featuredmedia":[{"embeddable":true,"href":"https:\/\/jardindaime.com\/index.php\/wp-json\/wp\/v2\/media\/9473"}],"wp:attachment":[{"href":"https:\/\/jardindaime.com\/index.php\/wp-json\/wp\/v2\/media?parent=9471"}],"wp:term":[{"taxonomy":"product_brand","embeddable":true,"href":"https:\/\/jardindaime.com\/index.php\/wp-json\/wp\/v2\/product_brand?post=9471"},{"taxonomy":"product_cat","embeddable":true,"href":"https:\/\/jardindaime.com\/index.php\/wp-json\/wp\/v2\/product_cat?post=9471"},{"taxonomy":"product_tag","embeddable":true,"href":"https:\/\/jardindaime.com\/index.php\/wp-json\/wp\/v2\/product_tag?post=9471"}],"curies":[{"name":"wp","href":"https:\/\/api.w.org\/{rel}","templated":true}]}}