{"id":9494,"date":"2026-05-04T15:14:58","date_gmt":"2026-05-04T15:14:58","guid":{"rendered":"https:\/\/jardindaime.com\/?post_type=product&#038;p=9494"},"modified":"2026-05-04T15:17:45","modified_gmt":"2026-05-04T15:17:45","slug":"concombre-mini-bio-a-lunite","status":"publish","type":"product","link":"https:\/\/jardindaime.com\/index.php\/product\/concombre-mini-bio-a-lunite\/","title":{"rendered":"CONCOMBRE MINI BIO (\u00e0 l&rsquo;Unit\u00e9)"},"content":{"rendered":"<h4 data-section-id=\"ffc60b\" data-start=\"107\" data-end=\"132\">\ud83e\udd52 Mini Concombres Bio<\/h4>\n<h4 data-section-id=\"fz8h12\" data-start=\"134\" data-end=\"169\">\u2728 Caract\u00e9ristiques du produit<\/h4>\n<p data-start=\"170\" data-end=\"439\"><em>Les mini concombres bio se distinguent par leur petite taille, leur peau fine et leur texture tr\u00e8s croquante. <\/em><\/p>\n<p data-start=\"170\" data-end=\"439\"><em>Leur go\u00fbt est doux, frais et sans amertume. <\/em><\/p>\n<p data-start=\"170\" data-end=\"439\"><em>Cultiv\u00e9s en agriculture biologique, ils sont parfaits pour des ap\u00e9ritifs sains ou des salades pleines de fra\u00eecheur.<\/em><\/p>\n<h4 data-section-id=\"sfu058\" data-start=\"441\" data-end=\"474\">\ud83e\uddca Conseils de conservation<\/h4>\n<ul data-start=\"475\" data-end=\"644\">\n<li data-section-id=\"wpe7yd\" data-start=\"475\" data-end=\"530\"><em>\u00c0 conserver au r\u00e9frig\u00e9rateur dans le bac \u00e0 l\u00e9gumes.<\/em><\/li>\n<li data-section-id=\"1vvs1zs\" data-start=\"531\" data-end=\"588\"><em>Se gardent plusieurs jours sans perdre leur croquant.<\/em><\/li>\n<li data-section-id=\"1bkie01\" data-start=\"589\" data-end=\"644\"><em>\u00c9viter l\u2019humidit\u00e9 excessive pour une meilleure tenue.<\/em><\/li>\n<\/ul>\n<h4 data-section-id=\"b53rqs\" data-start=\"646\" data-end=\"678\">\ud83c\udf7d\ufe0f Conseils d\u2019utilisation<\/h4>\n<ul data-start=\"679\" data-end=\"853\">\n<li data-section-id=\"c0wjaq\" data-start=\"679\" data-end=\"732\"><em>Id\u00e9als \u00e0 croquer nature, en ap\u00e9ritif ou en snack.<\/em><\/li>\n<li data-section-id=\"1kjtael\" data-start=\"733\" data-end=\"786\"><em>Parfaits en salade, en dips ou en accompagnement.<\/em><\/li>\n<li data-section-id=\"6ingea\" data-start=\"787\" data-end=\"853\"><em>D\u00e9licieux avec une sauce yaourt, du fromage frais ou des herbes.<\/em><\/li>\n<\/ul>\n","protected":false},"excerpt":{"rendered":"<p><strong>CONCOMBRE MINI BIO\u00a0<\/strong><\/p>\n<p><strong>SA PROVENANCE :\u00a0<\/strong><em>D&rsquo;origine France <img decoding=\"async\" class=\"emoji\" role=\"img\" draggable=\"false\" src=\"https:\/\/s.w.org\/images\/core\/emoji\/17.0.2\/svg\/1f1eb-1f1f7.svg\" alt=\"\ud83c\uddeb\ud83c\uddf7\" \/>, Bellegarde<\/em><\/p>\n<p><strong>CAT\u00c9GORIE : II<\/strong><\/p>\n","protected":false},"featured_media":9497,"comment_status":"open","ping_status":"closed","template":"","meta":[],"product_brand":[],"product_cat":[77,271],"product_tag":[234],"class_list":{"0":"post-9494","1":"product","2":"type-product","3":"status-publish","4":"has-post-thumbnail","6":"product_cat-legume","7":"product_cat-tous","8":"product_tag-concombre-mini-bio","10":"first","11":"instock","12":"shipping-taxable","13":"purchasable","14":"product-type-simple"},"yoast_head":"<!-- This site is optimized with the Yoast SEO plugin v27.5 - https:\/\/yoast.com\/product\/yoast-seo-wordpress\/ -->\n<title>CONCOMBRE MINI BIO (\u00e0 l&#039;Unit\u00e9) - Jardin d&#039;Aim\u00e9e<\/title>\n<meta name=\"robots\" content=\"index, follow, max-snippet:-1, max-image-preview:large, max-video-preview:-1\" \/>\n<link rel=\"canonical\" href=\"https:\/\/jardindaime.com\/index.php\/product\/concombre-mini-bio-a-lunite\/\" \/>\n<meta property=\"og:locale\" content=\"fr_FR\" \/>\n<meta property=\"og:type\" content=\"article\" \/>\n<meta property=\"og:title\" content=\"CONCOMBRE MINI BIO (\u00e0 l&#039;Unit\u00e9) - Jardin d&#039;Aim\u00e9e\" \/>\n<meta property=\"og:description\" content=\"CONCOMBRE MINI BIO\u00a0  SA PROVENANCE :\u00a0D&#039;origine France , Bellegarde  CAT\u00c9GORIE : II\" \/>\n<meta property=\"og:url\" content=\"https:\/\/jardindaime.com\/index.php\/product\/concombre-mini-bio-a-lunite\/\" \/>\n<meta property=\"og:site_name\" content=\"Jardin d&#039;Aim\u00e9e\" \/>\n<meta property=\"article:modified_time\" content=\"2026-05-04T15:17:45+00:00\" \/>\n<meta property=\"og:image\" content=\"https:\/\/jardindaime.com\/wp-content\/uploads\/2026\/05\/cucumber-transparent-background-png.png\" \/>\n\t<meta property=\"og:image:width\" content=\"980\" \/>\n\t<meta property=\"og:image:height\" content=\"980\" \/>\n\t<meta property=\"og:image:type\" content=\"image\/png\" \/>\n<meta name=\"twitter:card\" content=\"summary_large_image\" \/>\n<meta name=\"twitter:label1\" content=\"Dur\u00e9e de lecture estim\u00e9e\" \/>\n\t<meta name=\"twitter:data1\" content=\"1 minute\" \/>\n<script type=\"application\/ld+json\" class=\"yoast-schema-graph\">{\"@context\":\"https:\\\/\\\/schema.org\",\"@graph\":[{\"@type\":\"WebPage\",\"@id\":\"https:\\\/\\\/jardindaime.com\\\/index.php\\\/product\\\/concombre-mini-bio-a-lunite\\\/\",\"url\":\"https:\\\/\\\/jardindaime.com\\\/index.php\\\/product\\\/concombre-mini-bio-a-lunite\\\/\",\"name\":\"CONCOMBRE MINI BIO (\u00e0 l'Unit\u00e9) - Jardin d&#039;Aim\u00e9e\",\"isPartOf\":{\"@id\":\"https:\\\/\\\/jardindaime.com\\\/#website\"},\"primaryImageOfPage\":{\"@id\":\"https:\\\/\\\/jardindaime.com\\\/index.php\\\/product\\\/concombre-mini-bio-a-lunite\\\/#primaryimage\"},\"image\":{\"@id\":\"https:\\\/\\\/jardindaime.com\\\/index.php\\\/product\\\/concombre-mini-bio-a-lunite\\\/#primaryimage\"},\"thumbnailUrl\":\"https:\\\/\\\/jardindaime.com\\\/wp-content\\\/uploads\\\/2026\\\/05\\\/cucumber-transparent-background-png.png\",\"datePublished\":\"2026-05-04T15:14:58+00:00\",\"dateModified\":\"2026-05-04T15:17:45+00:00\",\"breadcrumb\":{\"@id\":\"https:\\\/\\\/jardindaime.com\\\/index.php\\\/product\\\/concombre-mini-bio-a-lunite\\\/#breadcrumb\"},\"inLanguage\":\"fr-FR\",\"potentialAction\":[{\"@type\":\"ReadAction\",\"target\":[\"https:\\\/\\\/jardindaime.com\\\/index.php\\\/product\\\/concombre-mini-bio-a-lunite\\\/\"]}]},{\"@type\":\"ImageObject\",\"inLanguage\":\"fr-FR\",\"@id\":\"https:\\\/\\\/jardindaime.com\\\/index.php\\\/product\\\/concombre-mini-bio-a-lunite\\\/#primaryimage\",\"url\":\"https:\\\/\\\/jardindaime.com\\\/wp-content\\\/uploads\\\/2026\\\/05\\\/cucumber-transparent-background-png.png\",\"contentUrl\":\"https:\\\/\\\/jardindaime.com\\\/wp-content\\\/uploads\\\/2026\\\/05\\\/cucumber-transparent-background-png.png\",\"width\":980,\"height\":980},{\"@type\":\"BreadcrumbList\",\"@id\":\"https:\\\/\\\/jardindaime.com\\\/index.php\\\/product\\\/concombre-mini-bio-a-lunite\\\/#breadcrumb\",\"itemListElement\":[{\"@type\":\"ListItem\",\"position\":1,\"name\":\"Home\",\"item\":\"https:\\\/\\\/jardindaime.com\\\/\"},{\"@type\":\"ListItem\",\"position\":2,\"name\":\"Produits\",\"item\":\"https:\\\/\\\/jardindaime.com\\\/index.php\\\/shop\\\/\"},{\"@type\":\"ListItem\",\"position\":3,\"name\":\"CONCOMBRE MINI BIO (\u00e0 l&rsquo;Unit\u00e9)\"}]},{\"@type\":\"WebSite\",\"@id\":\"https:\\\/\\\/jardindaime.com\\\/#website\",\"url\":\"https:\\\/\\\/jardindaime.com\\\/\",\"name\":\"Jardin d&#039;Aim\u00e9e\",\"description\":\"Vente de fruits et l\u00e9gumes \u00e0 domicile\",\"potentialAction\":[{\"@type\":\"SearchAction\",\"target\":{\"@type\":\"EntryPoint\",\"urlTemplate\":\"https:\\\/\\\/jardindaime.com\\\/?s={search_term_string}\"},\"query-input\":{\"@type\":\"PropertyValueSpecification\",\"valueRequired\":true,\"valueName\":\"search_term_string\"}}],\"inLanguage\":\"fr-FR\"}]}<\/script>\n<!-- \/ Yoast SEO plugin. -->","yoast_head_json":{"title":"CONCOMBRE MINI BIO (\u00e0 l'Unit\u00e9) - Jardin d&#039;Aim\u00e9e","robots":{"index":"index","follow":"follow","max-snippet":"max-snippet:-1","max-image-preview":"max-image-preview:large","max-video-preview":"max-video-preview:-1"},"canonical":"https:\/\/jardindaime.com\/index.php\/product\/concombre-mini-bio-a-lunite\/","og_locale":"fr_FR","og_type":"article","og_title":"CONCOMBRE MINI BIO (\u00e0 l'Unit\u00e9) - Jardin d&#039;Aim\u00e9e","og_description":"CONCOMBRE MINI BIO\u00a0  SA PROVENANCE :\u00a0D'origine France , Bellegarde  CAT\u00c9GORIE : II","og_url":"https:\/\/jardindaime.com\/index.php\/product\/concombre-mini-bio-a-lunite\/","og_site_name":"Jardin d&#039;Aim\u00e9e","article_modified_time":"2026-05-04T15:17:45+00:00","og_image":[{"width":980,"height":980,"url":"https:\/\/jardindaime.com\/wp-content\/uploads\/2026\/05\/cucumber-transparent-background-png.png","type":"image\/png"}],"twitter_card":"summary_large_image","twitter_misc":{"Dur\u00e9e de lecture estim\u00e9e":"1 minute"},"schema":{"@context":"https:\/\/schema.org","@graph":[{"@type":"WebPage","@id":"https:\/\/jardindaime.com\/index.php\/product\/concombre-mini-bio-a-lunite\/","url":"https:\/\/jardindaime.com\/index.php\/product\/concombre-mini-bio-a-lunite\/","name":"CONCOMBRE MINI BIO (\u00e0 l'Unit\u00e9) - Jardin d&#039;Aim\u00e9e","isPartOf":{"@id":"https:\/\/jardindaime.com\/#website"},"primaryImageOfPage":{"@id":"https:\/\/jardindaime.com\/index.php\/product\/concombre-mini-bio-a-lunite\/#primaryimage"},"image":{"@id":"https:\/\/jardindaime.com\/index.php\/product\/concombre-mini-bio-a-lunite\/#primaryimage"},"thumbnailUrl":"https:\/\/jardindaime.com\/wp-content\/uploads\/2026\/05\/cucumber-transparent-background-png.png","datePublished":"2026-05-04T15:14:58+00:00","dateModified":"2026-05-04T15:17:45+00:00","breadcrumb":{"@id":"https:\/\/jardindaime.com\/index.php\/product\/concombre-mini-bio-a-lunite\/#breadcrumb"},"inLanguage":"fr-FR","potentialAction":[{"@type":"ReadAction","target":["https:\/\/jardindaime.com\/index.php\/product\/concombre-mini-bio-a-lunite\/"]}]},{"@type":"ImageObject","inLanguage":"fr-FR","@id":"https:\/\/jardindaime.com\/index.php\/product\/concombre-mini-bio-a-lunite\/#primaryimage","url":"https:\/\/jardindaime.com\/wp-content\/uploads\/2026\/05\/cucumber-transparent-background-png.png","contentUrl":"https:\/\/jardindaime.com\/wp-content\/uploads\/2026\/05\/cucumber-transparent-background-png.png","width":980,"height":980},{"@type":"BreadcrumbList","@id":"https:\/\/jardindaime.com\/index.php\/product\/concombre-mini-bio-a-lunite\/#breadcrumb","itemListElement":[{"@type":"ListItem","position":1,"name":"Home","item":"https:\/\/jardindaime.com\/"},{"@type":"ListItem","position":2,"name":"Produits","item":"https:\/\/jardindaime.com\/index.php\/shop\/"},{"@type":"ListItem","position":3,"name":"CONCOMBRE MINI BIO (\u00e0 l&rsquo;Unit\u00e9)"}]},{"@type":"WebSite","@id":"https:\/\/jardindaime.com\/#website","url":"https:\/\/jardindaime.com\/","name":"Jardin d&#039;Aim\u00e9e","description":"Vente de fruits et l\u00e9gumes \u00e0 domicile","potentialAction":[{"@type":"SearchAction","target":{"@type":"EntryPoint","urlTemplate":"https:\/\/jardindaime.com\/?s={search_term_string}"},"query-input":{"@type":"PropertyValueSpecification","valueRequired":true,"valueName":"search_term_string"}}],"inLanguage":"fr-FR"}]}},"_links":{"self":[{"href":"https:\/\/jardindaime.com\/index.php\/wp-json\/wp\/v2\/product\/9494","targetHints":{"allow":["GET"]}}],"collection":[{"href":"https:\/\/jardindaime.com\/index.php\/wp-json\/wp\/v2\/product"}],"about":[{"href":"https:\/\/jardindaime.com\/index.php\/wp-json\/wp\/v2\/types\/product"}],"replies":[{"embeddable":true,"href":"https:\/\/jardindaime.com\/index.php\/wp-json\/wp\/v2\/comments?post=9494"}],"wp:featuredmedia":[{"embeddable":true,"href":"https:\/\/jardindaime.com\/index.php\/wp-json\/wp\/v2\/media\/9497"}],"wp:attachment":[{"href":"https:\/\/jardindaime.com\/index.php\/wp-json\/wp\/v2\/media?parent=9494"}],"wp:term":[{"taxonomy":"product_brand","embeddable":true,"href":"https:\/\/jardindaime.com\/index.php\/wp-json\/wp\/v2\/product_brand?post=9494"},{"taxonomy":"product_cat","embeddable":true,"href":"https:\/\/jardindaime.com\/index.php\/wp-json\/wp\/v2\/product_cat?post=9494"},{"taxonomy":"product_tag","embeddable":true,"href":"https:\/\/jardindaime.com\/index.php\/wp-json\/wp\/v2\/product_tag?post=9494"}],"curies":[{"name":"wp","href":"https:\/\/api.w.org\/{rel}","templated":true}]}}