{"id":9499,"date":"2026-05-04T15:27:55","date_gmt":"2026-05-04T15:27:55","guid":{"rendered":"https:\/\/jardindaime.com\/?post_type=product&#038;p=9499"},"modified":"2026-05-04T15:30:48","modified_gmt":"2026-05-04T15:30:48","slug":"feves","status":"publish","type":"product","link":"https:\/\/jardindaime.com\/index.php\/product\/feves\/","title":{"rendered":"F\u00c8VES"},"content":{"rendered":"<h4 data-section-id=\"1gkzc8r\" data-start=\"48\" data-end=\"76\">\ud83c\udf31 F\u00e8ves \u2013 Jardin d\u2019Aim\u00e9e<\/h4>\n<h4 data-section-id=\"fz8h12\" data-start=\"78\" data-end=\"113\">\u2728 Caract\u00e9ristiques du produit<\/h4>\n<p data-start=\"114\" data-end=\"421\"><em>Issues de notre production au Jardin d\u2019Aim\u00e9e, les f\u00e8ves sont des l\u00e9gumineuses de saison au go\u00fbt doux et l\u00e9g\u00e8rement sucr\u00e9. <\/em><\/p>\n<p data-start=\"114\" data-end=\"421\"><em>Leur texture tendre et fondante en fait un ingr\u00e9dient id\u00e9al pour une cuisine printani\u00e8re. <\/em><\/p>\n<p data-start=\"114\" data-end=\"421\"><em>Riches en prot\u00e9ines v\u00e9g\u00e9tales, fibres et vitamines, elles allient gourmandise et bienfaits.<\/em><\/p>\n<h4 data-section-id=\"sfu058\" data-start=\"423\" data-end=\"456\">\ud83e\uddca Conseils de conservation<\/h4>\n<ul data-start=\"457\" data-end=\"638\">\n<li data-section-id=\"wpe7yd\" data-start=\"457\" data-end=\"512\">\u00c0 conserver au r\u00e9frig\u00e9rateur dans le bac \u00e0 l\u00e9gumes.<\/li>\n<li data-section-id=\"1k90vzh\" data-start=\"513\" data-end=\"578\">\u00c0 consommer rapidement pour profiter de toute leur fra\u00eecheur.<\/li>\n<li data-section-id=\"1btu8g9\" data-start=\"579\" data-end=\"638\">Une fois \u00e9coss\u00e9es, \u00e0 conserver dans une bo\u00eete herm\u00e9tique.<\/li>\n<\/ul>\n<h4 data-section-id=\"b53rqs\" data-start=\"640\" data-end=\"672\">\ud83c\udf7d\ufe0f Conseils d\u2019utilisation<\/h4>\n<ul data-start=\"673\" data-end=\"853\">\n<li data-section-id=\"1p9zhfe\" data-start=\"673\" data-end=\"719\">D\u00e9licieuses cuites \u00e0 l\u2019eau ou \u00e0 la vapeur.<\/li>\n<li data-section-id=\"1mepdms\" data-start=\"720\" data-end=\"767\">Parfaites en salade, en po\u00eal\u00e9e ou en pur\u00e9e.<\/li>\n<li data-section-id=\"1p4bk6d\" data-start=\"768\" data-end=\"853\">Id\u00e9ales avec de l\u2019ail, des herbes fra\u00eeches ou en accompagnement de plats de saison.<\/li>\n<\/ul>\n","protected":false},"excerpt":{"rendered":"<p><strong>F\u00c8VES\u00a0<\/strong><\/p>\n<p><strong>SA PROVENANCE :<\/strong><em> D&rsquo;origine France <img decoding=\"async\" class=\"emoji\" role=\"img\" draggable=\"false\" src=\"https:\/\/s.w.org\/images\/core\/emoji\/17.0.2\/svg\/1f1eb-1f1f7.svg\" alt=\"\ud83c\uddeb\ud83c\uddf7\" \/>, Montpezat.<\/em><\/p>\n<p><strong>CAT\u00c9GORIE : II<\/strong><\/p>\n","protected":false},"featured_media":9500,"comment_status":"open","ping_status":"closed","template":"","meta":[],"product_brand":[],"product_cat":[77,271],"product_tag":[308],"class_list":{"0":"post-9499","1":"product","2":"type-product","3":"status-publish","4":"has-post-thumbnail","6":"product_cat-legume","7":"product_cat-tous","8":"product_tag-feves","10":"first","11":"instock","12":"shipping-taxable","13":"purchasable","14":"product-type-variable"},"yoast_head":"<!-- This site is optimized with the Yoast SEO plugin v27.5 - https:\/\/yoast.com\/product\/yoast-seo-wordpress\/ -->\n<title>F\u00c8VES - Jardin d&#039;Aim\u00e9e<\/title>\n<meta name=\"robots\" content=\"index, follow, max-snippet:-1, max-image-preview:large, max-video-preview:-1\" \/>\n<link rel=\"canonical\" href=\"https:\/\/jardindaime.com\/index.php\/product\/feves\/\" \/>\n<meta property=\"og:locale\" content=\"fr_FR\" \/>\n<meta property=\"og:type\" content=\"article\" \/>\n<meta property=\"og:title\" content=\"F\u00c8VES - Jardin d&#039;Aim\u00e9e\" \/>\n<meta property=\"og:description\" content=\"F\u00c8VES\u00a0  SA PROVENANCE : D&#039;origine France , Montpezat.  CAT\u00c9GORIE : II\" \/>\n<meta property=\"og:url\" content=\"https:\/\/jardindaime.com\/index.php\/product\/feves\/\" \/>\n<meta property=\"og:site_name\" content=\"Jardin d&#039;Aim\u00e9e\" \/>\n<meta property=\"article:modified_time\" content=\"2026-05-04T15:30:48+00:00\" \/>\n<meta property=\"og:image\" content=\"https:\/\/jardindaime.com\/wp-content\/uploads\/2026\/05\/35243-0w600h600_Feve_France_Bio.jpg\" \/>\n\t<meta property=\"og:image:width\" content=\"600\" \/>\n\t<meta property=\"og:image:height\" content=\"600\" \/>\n\t<meta property=\"og:image:type\" content=\"image\/jpeg\" \/>\n<meta name=\"twitter:card\" content=\"summary_large_image\" \/>\n<meta name=\"twitter:label1\" content=\"Dur\u00e9e de lecture estim\u00e9e\" \/>\n\t<meta name=\"twitter:data1\" content=\"1 minute\" \/>\n<script type=\"application\/ld+json\" class=\"yoast-schema-graph\">{\"@context\":\"https:\\\/\\\/schema.org\",\"@graph\":[{\"@type\":\"WebPage\",\"@id\":\"https:\\\/\\\/jardindaime.com\\\/index.php\\\/product\\\/feves\\\/\",\"url\":\"https:\\\/\\\/jardindaime.com\\\/index.php\\\/product\\\/feves\\\/\",\"name\":\"F\u00c8VES - Jardin d&#039;Aim\u00e9e\",\"isPartOf\":{\"@id\":\"https:\\\/\\\/jardindaime.com\\\/#website\"},\"primaryImageOfPage\":{\"@id\":\"https:\\\/\\\/jardindaime.com\\\/index.php\\\/product\\\/feves\\\/#primaryimage\"},\"image\":{\"@id\":\"https:\\\/\\\/jardindaime.com\\\/index.php\\\/product\\\/feves\\\/#primaryimage\"},\"thumbnailUrl\":\"https:\\\/\\\/jardindaime.com\\\/wp-content\\\/uploads\\\/2026\\\/05\\\/35243-0w600h600_Feve_France_Bio.jpg\",\"datePublished\":\"2026-05-04T15:27:55+00:00\",\"dateModified\":\"2026-05-04T15:30:48+00:00\",\"breadcrumb\":{\"@id\":\"https:\\\/\\\/jardindaime.com\\\/index.php\\\/product\\\/feves\\\/#breadcrumb\"},\"inLanguage\":\"fr-FR\",\"potentialAction\":[{\"@type\":\"ReadAction\",\"target\":[\"https:\\\/\\\/jardindaime.com\\\/index.php\\\/product\\\/feves\\\/\"]}]},{\"@type\":\"ImageObject\",\"inLanguage\":\"fr-FR\",\"@id\":\"https:\\\/\\\/jardindaime.com\\\/index.php\\\/product\\\/feves\\\/#primaryimage\",\"url\":\"https:\\\/\\\/jardindaime.com\\\/wp-content\\\/uploads\\\/2026\\\/05\\\/35243-0w600h600_Feve_France_Bio.jpg\",\"contentUrl\":\"https:\\\/\\\/jardindaime.com\\\/wp-content\\\/uploads\\\/2026\\\/05\\\/35243-0w600h600_Feve_France_Bio.jpg\",\"width\":600,\"height\":600},{\"@type\":\"BreadcrumbList\",\"@id\":\"https:\\\/\\\/jardindaime.com\\\/index.php\\\/product\\\/feves\\\/#breadcrumb\",\"itemListElement\":[{\"@type\":\"ListItem\",\"position\":1,\"name\":\"Home\",\"item\":\"https:\\\/\\\/jardindaime.com\\\/\"},{\"@type\":\"ListItem\",\"position\":2,\"name\":\"Produits\",\"item\":\"https:\\\/\\\/jardindaime.com\\\/index.php\\\/shop\\\/\"},{\"@type\":\"ListItem\",\"position\":3,\"name\":\"F\u00c8VES\"}]},{\"@type\":\"WebSite\",\"@id\":\"https:\\\/\\\/jardindaime.com\\\/#website\",\"url\":\"https:\\\/\\\/jardindaime.com\\\/\",\"name\":\"Jardin d&#039;Aim\u00e9e\",\"description\":\"Vente de fruits et l\u00e9gumes \u00e0 domicile\",\"potentialAction\":[{\"@type\":\"SearchAction\",\"target\":{\"@type\":\"EntryPoint\",\"urlTemplate\":\"https:\\\/\\\/jardindaime.com\\\/?s={search_term_string}\"},\"query-input\":{\"@type\":\"PropertyValueSpecification\",\"valueRequired\":true,\"valueName\":\"search_term_string\"}}],\"inLanguage\":\"fr-FR\"}]}<\/script>\n<!-- \/ Yoast SEO plugin. -->","yoast_head_json":{"title":"F\u00c8VES - Jardin d&#039;Aim\u00e9e","robots":{"index":"index","follow":"follow","max-snippet":"max-snippet:-1","max-image-preview":"max-image-preview:large","max-video-preview":"max-video-preview:-1"},"canonical":"https:\/\/jardindaime.com\/index.php\/product\/feves\/","og_locale":"fr_FR","og_type":"article","og_title":"F\u00c8VES - Jardin d&#039;Aim\u00e9e","og_description":"F\u00c8VES\u00a0  SA PROVENANCE : D'origine France , Montpezat.  CAT\u00c9GORIE : II","og_url":"https:\/\/jardindaime.com\/index.php\/product\/feves\/","og_site_name":"Jardin d&#039;Aim\u00e9e","article_modified_time":"2026-05-04T15:30:48+00:00","og_image":[{"width":600,"height":600,"url":"https:\/\/jardindaime.com\/wp-content\/uploads\/2026\/05\/35243-0w600h600_Feve_France_Bio.jpg","type":"image\/jpeg"}],"twitter_card":"summary_large_image","twitter_misc":{"Dur\u00e9e de lecture estim\u00e9e":"1 minute"},"schema":{"@context":"https:\/\/schema.org","@graph":[{"@type":"WebPage","@id":"https:\/\/jardindaime.com\/index.php\/product\/feves\/","url":"https:\/\/jardindaime.com\/index.php\/product\/feves\/","name":"F\u00c8VES - Jardin d&#039;Aim\u00e9e","isPartOf":{"@id":"https:\/\/jardindaime.com\/#website"},"primaryImageOfPage":{"@id":"https:\/\/jardindaime.com\/index.php\/product\/feves\/#primaryimage"},"image":{"@id":"https:\/\/jardindaime.com\/index.php\/product\/feves\/#primaryimage"},"thumbnailUrl":"https:\/\/jardindaime.com\/wp-content\/uploads\/2026\/05\/35243-0w600h600_Feve_France_Bio.jpg","datePublished":"2026-05-04T15:27:55+00:00","dateModified":"2026-05-04T15:30:48+00:00","breadcrumb":{"@id":"https:\/\/jardindaime.com\/index.php\/product\/feves\/#breadcrumb"},"inLanguage":"fr-FR","potentialAction":[{"@type":"ReadAction","target":["https:\/\/jardindaime.com\/index.php\/product\/feves\/"]}]},{"@type":"ImageObject","inLanguage":"fr-FR","@id":"https:\/\/jardindaime.com\/index.php\/product\/feves\/#primaryimage","url":"https:\/\/jardindaime.com\/wp-content\/uploads\/2026\/05\/35243-0w600h600_Feve_France_Bio.jpg","contentUrl":"https:\/\/jardindaime.com\/wp-content\/uploads\/2026\/05\/35243-0w600h600_Feve_France_Bio.jpg","width":600,"height":600},{"@type":"BreadcrumbList","@id":"https:\/\/jardindaime.com\/index.php\/product\/feves\/#breadcrumb","itemListElement":[{"@type":"ListItem","position":1,"name":"Home","item":"https:\/\/jardindaime.com\/"},{"@type":"ListItem","position":2,"name":"Produits","item":"https:\/\/jardindaime.com\/index.php\/shop\/"},{"@type":"ListItem","position":3,"name":"F\u00c8VES"}]},{"@type":"WebSite","@id":"https:\/\/jardindaime.com\/#website","url":"https:\/\/jardindaime.com\/","name":"Jardin d&#039;Aim\u00e9e","description":"Vente de fruits et l\u00e9gumes \u00e0 domicile","potentialAction":[{"@type":"SearchAction","target":{"@type":"EntryPoint","urlTemplate":"https:\/\/jardindaime.com\/?s={search_term_string}"},"query-input":{"@type":"PropertyValueSpecification","valueRequired":true,"valueName":"search_term_string"}}],"inLanguage":"fr-FR"}]}},"_links":{"self":[{"href":"https:\/\/jardindaime.com\/index.php\/wp-json\/wp\/v2\/product\/9499","targetHints":{"allow":["GET"]}}],"collection":[{"href":"https:\/\/jardindaime.com\/index.php\/wp-json\/wp\/v2\/product"}],"about":[{"href":"https:\/\/jardindaime.com\/index.php\/wp-json\/wp\/v2\/types\/product"}],"replies":[{"embeddable":true,"href":"https:\/\/jardindaime.com\/index.php\/wp-json\/wp\/v2\/comments?post=9499"}],"wp:featuredmedia":[{"embeddable":true,"href":"https:\/\/jardindaime.com\/index.php\/wp-json\/wp\/v2\/media\/9500"}],"wp:attachment":[{"href":"https:\/\/jardindaime.com\/index.php\/wp-json\/wp\/v2\/media?parent=9499"}],"wp:term":[{"taxonomy":"product_brand","embeddable":true,"href":"https:\/\/jardindaime.com\/index.php\/wp-json\/wp\/v2\/product_brand?post=9499"},{"taxonomy":"product_cat","embeddable":true,"href":"https:\/\/jardindaime.com\/index.php\/wp-json\/wp\/v2\/product_cat?post=9499"},{"taxonomy":"product_tag","embeddable":true,"href":"https:\/\/jardindaime.com\/index.php\/wp-json\/wp\/v2\/product_tag?post=9499"}],"curies":[{"name":"wp","href":"https:\/\/api.w.org\/{rel}","templated":true}]}}